{"id":1916,"date":"2024-07-30T08:14:36","date_gmt":"2024-07-30T08:14:36","guid":{"rendered":"https:\/\/dubsite.developers.getspace.us\/esteetiline-voimlemine\/"},"modified":"2024-10-06T11:43:36","modified_gmt":"2024-10-06T11:43:36","slug":"esteetiline-voimlemine","status":"publish","type":"page","link":"https:\/\/dubsite.developers.getspace.us\/et\/esteetiline-voimlemine\/","title":{"rendered":"Esteetiline v\u00f5imlemine"},"content":{"rendered":"\t\t<div data-elementor-type=\"wp-page\" data-elementor-id=\"1916\" class=\"elementor elementor-1916 elementor-76\" data-elementor-post-type=\"page\">\n\t\t\t\t<div class=\"elementor-element elementor-element-e8dda54 e-flex e-con-boxed e-con e-parent\" data-id=\"e8dda54\" data-element_type=\"container\">\n\t\t\t\t\t<div class=\"e-con-inner\">\n\t\t\t\t<div class=\"elementor-element elementor-element-1d406c4 elementor-invisible elementor-widget elementor-widget-heading\" data-id=\"1d406c4\" data-element_type=\"widget\" data-settings=\"{&quot;_animation&quot;:&quot;fadeInUp&quot;}\" data-widget_type=\"heading.default\">\n\t\t\t\t<div class=\"elementor-widget-container\">\n\t\t\t<h1 class=\"elementor-heading-title elementor-size-default\">Esteetiline v\u00f5imlemine<\/h1>\t\t<\/div>\n\t\t\t\t<\/div>\n\t\t\t\t\t<\/div>\n\t\t\t\t<\/div>\n\t\t<div class=\"elementor-element elementor-element-63dcc38 e-flex e-con-boxed e-con e-parent\" data-id=\"63dcc38\" data-element_type=\"container\">\n\t\t\t\t\t<div class=\"e-con-inner\">\n\t\t\t\t<div class=\"elementor-element elementor-element-e5e9807 elementor-widget__width-initial elementor-absolute elementor-invisible elementor-widget elementor-widget-image\" data-id=\"e5e9807\" data-element_type=\"widget\" data-settings=\"{&quot;_position&quot;:&quot;absolute&quot;,&quot;_animation&quot;:&quot;slideInRight&quot;}\" data-widget_type=\"image.default\">\n\t\t\t\t<div class=\"elementor-widget-container\">\n\t\t\t\t\t\t\t\t\t\t\t\t\t<img fetchpriority=\"high\" decoding=\"async\" width=\"454\" height=\"524\" src=\"https:\/\/dubsite.developers.getspace.us\/wp-content\/uploads\/2024\/07\/foto-8.png\" class=\"attachment-full size-full wp-image-79\" alt=\"\" srcset=\"https:\/\/dubsite.developers.getspace.us\/wp-content\/uploads\/2024\/07\/foto-8.png 454w, https:\/\/dubsite.developers.getspace.us\/wp-content\/uploads\/2024\/07\/foto-8-260x300.png 260w\" sizes=\"(max-width: 454px) 100vw, 454px\" \/>\t\t\t\t\t\t\t\t\t\t\t\t\t<\/div>\n\t\t\t\t<\/div>\n\t\t\t\t<div class=\"elementor-element elementor-element-1b0a973 elementor-widget__width-initial elementor-absolute elementor-invisible elementor-widget elementor-widget-image\" data-id=\"1b0a973\" data-element_type=\"widget\" data-settings=\"{&quot;_position&quot;:&quot;absolute&quot;,&quot;_animation&quot;:&quot;fadeInUp&quot;}\" data-widget_type=\"image.default\">\n\t\t\t\t<div class=\"elementor-widget-container\">\n\t\t\t\t\t\t\t\t\t\t\t\t\t<img decoding=\"async\" width=\"448\" height=\"329\" src=\"https:\/\/dubsite.developers.getspace.us\/wp-content\/uploads\/2024\/07\/foto-7.png\" class=\"attachment-full size-full wp-image-80\" alt=\"\" srcset=\"https:\/\/dubsite.developers.getspace.us\/wp-content\/uploads\/2024\/07\/foto-7.png 448w, https:\/\/dubsite.developers.getspace.us\/wp-content\/uploads\/2024\/07\/foto-7-300x220.png 300w\" sizes=\"(max-width: 448px) 100vw, 448px\" \/>\t\t\t\t\t\t\t\t\t\t\t\t\t<\/div>\n\t\t\t\t<\/div>\n\t\t<div class=\"elementor-element elementor-element-03832bf e-con-full e-flex e-con e-child\" data-id=\"03832bf\" data-element_type=\"container\">\n\t\t<div class=\"elementor-element elementor-element-611aa0f e-con-full e-flex e-con e-child\" data-id=\"611aa0f\" data-element_type=\"container\" data-settings=\"{&quot;background_background&quot;:&quot;classic&quot;}\">\n\t\t\t\t<div class=\"elementor-element elementor-element-37922aa elementor-widget-tablet__width-initial elementor-widget elementor-widget-text-editor\" data-id=\"37922aa\" data-element_type=\"widget\" data-widget_type=\"text-editor.default\">\n\t\t\t\t<div class=\"elementor-widget-container\">\n\t\t\t\t\t\t\t<p><b><span style=\"color: black;\">Esteetiline v\u00f5imlemine<\/span><\/b> <span style=\"color: black;\">on eriline spordiala, mille peamine eesm\u00e4rk on muusika t\u00e4henduse v\u00e4ljendamine liikumise kaudu.<\/span><\/p>\n<p><span style=\"color: black;\">See v\u00f5imlemis alaliik sisaldab elemente koreograafiast, h\u00fcpetest, akrobaatikast ja tantsust. V\u00f5imlejad demonstreerivad artistlikkust, graatsilisust, v\u00e4ljendusrikkust ja liigutuste s\u00fcnkroonsust. <\/span><\/p>\n<p><span style=\"color: black;\">See spordiala arendab plastilisust, graatsiat, muusikalisust, painduvust ja oskust t\u00f6\u00f6tada meeskonnas.<\/span><\/p>\n<p><span style=\"color: black;\">Esteetiline v\u00f5imlemine on suurep\u00e4rane valik t\u00fcdrukutele, kes soovivad spordiga tegeleda. Seda nimetatakse \u00f5igusega \u201chinge keeleks\u201d. <\/span><\/p>\n\t\t\t\t\t\t<\/div>\n\t\t\t\t<\/div>\n\t\t\t\t<\/div>\n\t\t\t\t<\/div>\n\t\t\t\t\t<\/div>\n\t\t\t\t<\/div>\n\t\t<div class=\"elementor-element elementor-element-23ea3052 e-flex e-con-boxed elementor-invisible e-con e-parent\" data-id=\"23ea3052\" data-element_type=\"container\" data-settings=\"{&quot;animation&quot;:&quot;fadeInUp&quot;}\">\n\t\t\t\t\t<div class=\"e-con-inner\">\n\t\t<div class=\"elementor-element elementor-element-72e898fc e-con-full e-flex e-con e-child\" data-id=\"72e898fc\" data-element_type=\"container\">\n\t\t\t\t<div class=\"elementor-element elementor-element-2322ab37 elementor-widget elementor-widget-heading\" data-id=\"2322ab37\" data-element_type=\"widget\" data-widget_type=\"heading.default\">\n\t\t\t\t<div class=\"elementor-widget-container\">\n\t\t\t<h3 class=\"elementor-heading-title elementor-size-default\"><a href=\"https:\/\/dubsite.developers.getspace.us\/et\/rutmiline-voimlemine\/\">Iluv\u00f5imlemine<\/a><\/h3>\t\t<\/div>\n\t\t\t\t<\/div>\n\t\t\t\t<div class=\"elementor-element elementor-element-50503091 elementor-widget elementor-widget-image\" data-id=\"50503091\" data-element_type=\"widget\" data-widget_type=\"image.default\">\n\t\t\t\t<div class=\"elementor-widget-container\">\n\t\t\t\t\t\t\t\t\t\t\t\t\t\t<a href=\"https:\/\/dubsite.developers.getspace.us\/et\/rutmiline-voimlemine\/\">\n\t\t\t\t\t\t\t<img decoding=\"async\" width=\"232\" height=\"267\" src=\"https:\/\/dubsite.developers.getspace.us\/wp-content\/uploads\/2024\/07\/1.png\" class=\"attachment-full size-full wp-image-41\" alt=\"\" \/>\t\t\t\t\t\t\t\t<\/a>\n\t\t\t\t\t\t\t\t\t\t\t\t\t<\/div>\n\t\t\t\t<\/div>\n\t\t\t\t<\/div>\n\t\t<div class=\"elementor-element elementor-element-1aa59468 e-con-full e-flex e-con e-child\" data-id=\"1aa59468\" data-element_type=\"container\">\n\t\t\t\t<div class=\"elementor-element elementor-element-7794f5a5 elementor-widget elementor-widget-heading\" data-id=\"7794f5a5\" data-element_type=\"widget\" data-widget_type=\"heading.default\">\n\t\t\t\t<div class=\"elementor-widget-container\">\n\t\t\t<h3 class=\"elementor-heading-title elementor-size-default\"><a href=\"https:\/\/dubsite.developers.getspace.us\/et\/koreograafia\/\">Koreograafia<\/a><\/h3>\t\t<\/div>\n\t\t\t\t<\/div>\n\t\t\t\t<div class=\"elementor-element elementor-element-34f3e4a6 elementor-widget elementor-widget-image\" data-id=\"34f3e4a6\" data-element_type=\"widget\" data-widget_type=\"image.default\">\n\t\t\t\t<div class=\"elementor-widget-container\">\n\t\t\t\t\t\t\t\t\t\t\t\t\t\t<a href=\"https:\/\/dubsite.developers.getspace.us\/et\/koreograafia\/\">\n\t\t\t\t\t\t\t<img loading=\"lazy\" decoding=\"async\" width=\"231\" height=\"267\" src=\"https:\/\/dubsite.developers.getspace.us\/wp-content\/uploads\/2024\/07\/4-1.png\" class=\"attachment-full size-full wp-image-60\" alt=\"\" \/>\t\t\t\t\t\t\t\t<\/a>\n\t\t\t\t\t\t\t\t\t\t\t\t\t<\/div>\n\t\t\t\t<\/div>\n\t\t\t\t<\/div>\n\t\t<div class=\"elementor-element elementor-element-3b585d1 e-con-full e-flex e-con e-child\" data-id=\"3b585d1\" data-element_type=\"container\">\n\t\t\t\t<div class=\"elementor-element elementor-element-d223e07 elementor-widget elementor-widget-heading\" data-id=\"d223e07\" data-element_type=\"widget\" data-widget_type=\"heading.default\">\n\t\t\t\t<div class=\"elementor-widget-container\">\n\t\t\t<h3 class=\"elementor-heading-title elementor-size-default\"><a href=\"https:\/\/dubsite.developers.getspace.us\/et\/akrobaatika\/\">Akrobaatika<\/a><\/h3>\t\t<\/div>\n\t\t\t\t<\/div>\n\t\t\t\t<div class=\"elementor-element elementor-element-5292b388 elementor-widget elementor-widget-image\" data-id=\"5292b388\" data-element_type=\"widget\" data-widget_type=\"image.default\">\n\t\t\t\t<div class=\"elementor-widget-container\">\n\t\t\t\t\t\t\t\t\t\t\t\t\t\t<a href=\"https:\/\/dubsite.developers.getspace.us\/et\/akrobaatika\/\">\n\t\t\t\t\t\t\t<img loading=\"lazy\" decoding=\"async\" width=\"232\" height=\"267\" src=\"https:\/\/dubsite.developers.getspace.us\/wp-content\/uploads\/2024\/07\/2.png\" class=\"attachment-full size-full wp-image-58\" alt=\"\" \/>\t\t\t\t\t\t\t\t<\/a>\n\t\t\t\t\t\t\t\t\t\t\t\t\t<\/div>\n\t\t\t\t<\/div>\n\t\t\t\t<\/div>\n\t\t<div class=\"elementor-element elementor-element-381c7ba6 e-con-full e-flex e-con e-child\" data-id=\"381c7ba6\" data-element_type=\"container\">\n\t\t\t\t<div class=\"elementor-element elementor-element-79fc57dc elementor-widget elementor-widget-heading\" data-id=\"79fc57dc\" data-element_type=\"widget\" data-widget_type=\"heading.default\">\n\t\t\t\t<div class=\"elementor-widget-container\">\n\t\t\t<h3 class=\"elementor-heading-title elementor-size-default\"><a href=\"https:\/\/dubsite.developers.getspace.us\/et\/voimlemine\/\">Sportv\u00f5imlemine<\/a><\/h3>\t\t<\/div>\n\t\t\t\t<\/div>\n\t\t\t\t<div class=\"elementor-element elementor-element-63465afc elementor-widget elementor-widget-image\" data-id=\"63465afc\" data-element_type=\"widget\" data-widget_type=\"image.default\">\n\t\t\t\t<div class=\"elementor-widget-container\">\n\t\t\t\t\t\t\t\t\t\t\t\t\t\t<a href=\"https:\/\/dubsite.developers.getspace.us\/et\/voimlemine\/\">\n\t\t\t\t\t\t\t<img loading=\"lazy\" decoding=\"async\" width=\"233\" height=\"267\" src=\"https:\/\/dubsite.developers.getspace.us\/wp-content\/uploads\/2024\/08\/frame-2039.png\" class=\"attachment-full size-full wp-image-781\" alt=\"\" \/>\t\t\t\t\t\t\t\t<\/a>\n\t\t\t\t\t\t\t\t\t\t\t\t\t<\/div>\n\t\t\t\t<\/div>\n\t\t\t\t<\/div>\n\t\t\t\t\t<\/div>\n\t\t\t\t<\/div>\n\t\t\t\t<\/div>\n\t\t","protected":false},"excerpt":{"rendered":"<p>Esteetiline v\u00f5imlemine Esteetiline v\u00f5imlemine on eriline spordiala, mille peamine eesm\u00e4rk on muusika t\u00e4henduse v\u00e4ljendamine liikumise kaudu. See v\u00f5imlemis alaliik sisaldab elemente koreograafiast, h\u00fcpetest, akrobaatikast ja tantsust. V\u00f5imlejad demonstreerivad artistlikkust, graatsilisust, v\u00e4ljendusrikkust ja liigutuste s\u00fcnkroonsust. See spordiala arendab plastilisust, graatsiat, muusikalisust, painduvust ja oskust t\u00f6\u00f6tada meeskonnas. Esteetiline v\u00f5imlemine on suurep\u00e4rane valik t\u00fcdrukutele, kes soovivad spordiga tegeleda. [&hellip;]<\/p>\n","protected":false},"author":1,"featured_media":0,"parent":0,"menu_order":0,"comment_status":"closed","ping_status":"closed","template":"elementor_header_footer","meta":{"footnotes":""},"class_list":["post-1916","page","type-page","status-publish","hentry","entry"],"yoast_head":"<!-- This site is optimized with the Yoast SEO Premium plugin v23.0 (Yoast SEO v24.1) - https:\/\/yoast.com\/wordpress\/plugins\/seo\/ -->\n<title>Esteetiline v\u00f5imlemine - Academy Gymnastics<\/title>\n<meta name=\"robots\" content=\"index, follow, max-snippet:-1, max-image-preview:large, max-video-preview:-1\" \/>\n<link rel=\"canonical\" href=\"https:\/\/dubsite.developers.getspace.us\/esteticheskaya-gimnastika\/\" \/>\n<meta property=\"og:locale\" content=\"et_EE\" \/>\n<meta property=\"og:type\" content=\"article\" \/>\n<meta property=\"og:title\" content=\"Esteetiline v\u00f5imlemine\" \/>\n<meta property=\"og:description\" content=\"Esteetiline v\u00f5imlemine Esteetiline v\u00f5imlemine on eriline spordiala, mille peamine eesm\u00e4rk on muusika t\u00e4henduse v\u00e4ljendamine liikumise kaudu. See v\u00f5imlemis alaliik sisaldab elemente koreograafiast, h\u00fcpetest, akrobaatikast ja tantsust. V\u00f5imlejad demonstreerivad artistlikkust, graatsilisust, v\u00e4ljendusrikkust ja liigutuste s\u00fcnkroonsust. See spordiala arendab plastilisust, graatsiat, muusikalisust, painduvust ja oskust t\u00f6\u00f6tada meeskonnas. Esteetiline v\u00f5imlemine on suurep\u00e4rane valik t\u00fcdrukutele, kes soovivad spordiga tegeleda. [&hellip;]\" \/>\n<meta property=\"og:url\" content=\"https:\/\/dubsite.developers.getspace.us\/esteticheskaya-gimnastika\/\" \/>\n<meta property=\"og:site_name\" content=\"Academy Gymnastics\" \/>\n<meta property=\"article:publisher\" content=\"https:\/\/www.facebook.com\/academygymnastics.ee\/\" \/>\n<meta property=\"article:modified_time\" content=\"2024-10-06T11:43:36+00:00\" \/>\n<meta property=\"og:image\" content=\"https:\/\/dubsite.developers.getspace.us\/wp-content\/uploads\/2024\/07\/foto-8.png\" \/>\n<meta name=\"twitter:card\" content=\"summary_large_image\" \/>\n<meta name=\"twitter:label1\" content=\"Est. reading time\" \/>\n\t<meta name=\"twitter:data1\" content=\"2 minutes\" \/>\n<script type=\"application\/ld+json\" class=\"yoast-schema-graph\">{\"@context\":\"https:\/\/schema.org\",\"@graph\":[{\"@type\":\"WebPage\",\"@id\":\"https:\/\/dubsite.developers.getspace.us\/esteticheskaya-gimnastika\/\",\"url\":\"https:\/\/dubsite.developers.getspace.us\/esteticheskaya-gimnastika\/\",\"name\":\"Esteetiline v\u00f5imlemine - Academy Gymnastics\",\"isPartOf\":{\"@id\":\"https:\/\/dubsite.developers.getspace.us\/#website\"},\"primaryImageOfPage\":{\"@id\":\"https:\/\/dubsite.developers.getspace.us\/esteticheskaya-gimnastika\/#primaryimage\"},\"image\":{\"@id\":\"https:\/\/dubsite.developers.getspace.us\/esteticheskaya-gimnastika\/#primaryimage\"},\"thumbnailUrl\":\"https:\/\/dubsite.developers.getspace.us\/wp-content\/uploads\/2024\/07\/foto-8.png\",\"datePublished\":\"2024-07-30T08:14:36+00:00\",\"dateModified\":\"2024-10-06T11:43:36+00:00\",\"breadcrumb\":{\"@id\":\"https:\/\/dubsite.developers.getspace.us\/esteticheskaya-gimnastika\/#breadcrumb\"},\"inLanguage\":\"et\",\"potentialAction\":[{\"@type\":\"ReadAction\",\"target\":[\"https:\/\/dubsite.developers.getspace.us\/esteticheskaya-gimnastika\/\"]}]},{\"@type\":\"ImageObject\",\"inLanguage\":\"et\",\"@id\":\"https:\/\/dubsite.developers.getspace.us\/esteticheskaya-gimnastika\/#primaryimage\",\"url\":\"https:\/\/dubsite.developers.getspace.us\/wp-content\/uploads\/2024\/07\/foto-8.png\",\"contentUrl\":\"https:\/\/dubsite.developers.getspace.us\/wp-content\/uploads\/2024\/07\/foto-8.png\"},{\"@type\":\"BreadcrumbList\",\"@id\":\"https:\/\/dubsite.developers.getspace.us\/esteticheskaya-gimnastika\/#breadcrumb\",\"itemListElement\":[{\"@type\":\"ListItem\",\"position\":1,\"name\":\"\u0413\u043b\u0430\u0432\u043d\u0430\u044f \u0441\u0442\u0440\u0430\u043d\u0438\u0446\u0430\",\"item\":\"https:\/\/dubsite.developers.getspace.us\/\"},{\"@type\":\"ListItem\",\"position\":2,\"name\":\"Esteetiline v\u00f5imlemine\"}]},{\"@type\":\"WebSite\",\"@id\":\"https:\/\/dubsite.developers.getspace.us\/#website\",\"url\":\"https:\/\/dubsite.developers.getspace.us\/\",\"name\":\"Academy Gymnastics\",\"description\":\"Academy Gymnastics\",\"publisher\":{\"@id\":\"https:\/\/dubsite.developers.getspace.us\/#organization\"},\"alternateName\":\"Academy Gymnastics\",\"potentialAction\":[{\"@type\":\"SearchAction\",\"target\":{\"@type\":\"EntryPoint\",\"urlTemplate\":\"https:\/\/dubsite.developers.getspace.us\/?s={search_term_string}\"},\"query-input\":{\"@type\":\"PropertyValueSpecification\",\"valueRequired\":true,\"valueName\":\"search_term_string\"}}],\"inLanguage\":\"et\"},{\"@type\":\"Organization\",\"@id\":\"https:\/\/dubsite.developers.getspace.us\/#organization\",\"name\":\"Academy Gymnastics\",\"alternateName\":\"Academy Gymnastics\",\"url\":\"https:\/\/dubsite.developers.getspace.us\/\",\"logo\":{\"@type\":\"ImageObject\",\"inLanguage\":\"et\",\"@id\":\"https:\/\/dubsite.developers.getspace.us\/#\/schema\/logo\/image\/\",\"url\":\"https:\/\/dubsite.developers.getspace.us\/wp-content\/uploads\/2024\/08\/cropped-web-page-1.jpg\",\"contentUrl\":\"https:\/\/dubsite.developers.getspace.us\/wp-content\/uploads\/2024\/08\/cropped-web-page-1.jpg\",\"width\":512,\"height\":512,\"caption\":\"Academy Gymnastics\"},\"image\":{\"@id\":\"https:\/\/dubsite.developers.getspace.us\/#\/schema\/logo\/image\/\"},\"sameAs\":[\"https:\/\/www.facebook.com\/academygymnastics.ee\/\",\"https:\/\/www.instagram.com\/academy.gymnastics.ee\/\"]}]}<\/script>\n<!-- \/ Yoast SEO Premium plugin. -->","yoast_head_json":{"title":"Esteetiline v\u00f5imlemine - Academy Gymnastics","robots":{"index":"index","follow":"follow","max-snippet":"max-snippet:-1","max-image-preview":"max-image-preview:large","max-video-preview":"max-video-preview:-1"},"canonical":"https:\/\/dubsite.developers.getspace.us\/esteticheskaya-gimnastika\/","og_locale":"et_EE","og_type":"article","og_title":"Esteetiline v\u00f5imlemine","og_description":"Esteetiline v\u00f5imlemine Esteetiline v\u00f5imlemine on eriline spordiala, mille peamine eesm\u00e4rk on muusika t\u00e4henduse v\u00e4ljendamine liikumise kaudu. See v\u00f5imlemis alaliik sisaldab elemente koreograafiast, h\u00fcpetest, akrobaatikast ja tantsust. V\u00f5imlejad demonstreerivad artistlikkust, graatsilisust, v\u00e4ljendusrikkust ja liigutuste s\u00fcnkroonsust. See spordiala arendab plastilisust, graatsiat, muusikalisust, painduvust ja oskust t\u00f6\u00f6tada meeskonnas. Esteetiline v\u00f5imlemine on suurep\u00e4rane valik t\u00fcdrukutele, kes soovivad spordiga tegeleda. [&hellip;]","og_url":"https:\/\/dubsite.developers.getspace.us\/esteticheskaya-gimnastika\/","og_site_name":"Academy Gymnastics","article_publisher":"https:\/\/www.facebook.com\/academygymnastics.ee\/","article_modified_time":"2024-10-06T11:43:36+00:00","og_image":[{"url":"https:\/\/dubsite.developers.getspace.us\/wp-content\/uploads\/2024\/07\/foto-8.png","type":"","width":"","height":""}],"twitter_card":"summary_large_image","twitter_misc":{"Est. reading time":"2 minutes"},"schema":{"@context":"https:\/\/schema.org","@graph":[{"@type":"WebPage","@id":"https:\/\/dubsite.developers.getspace.us\/esteticheskaya-gimnastika\/","url":"https:\/\/dubsite.developers.getspace.us\/esteticheskaya-gimnastika\/","name":"Esteetiline v\u00f5imlemine - Academy Gymnastics","isPartOf":{"@id":"https:\/\/dubsite.developers.getspace.us\/#website"},"primaryImageOfPage":{"@id":"https:\/\/dubsite.developers.getspace.us\/esteticheskaya-gimnastika\/#primaryimage"},"image":{"@id":"https:\/\/dubsite.developers.getspace.us\/esteticheskaya-gimnastika\/#primaryimage"},"thumbnailUrl":"https:\/\/dubsite.developers.getspace.us\/wp-content\/uploads\/2024\/07\/foto-8.png","datePublished":"2024-07-30T08:14:36+00:00","dateModified":"2024-10-06T11:43:36+00:00","breadcrumb":{"@id":"https:\/\/dubsite.developers.getspace.us\/esteticheskaya-gimnastika\/#breadcrumb"},"inLanguage":"et","potentialAction":[{"@type":"ReadAction","target":["https:\/\/dubsite.developers.getspace.us\/esteticheskaya-gimnastika\/"]}]},{"@type":"ImageObject","inLanguage":"et","@id":"https:\/\/dubsite.developers.getspace.us\/esteticheskaya-gimnastika\/#primaryimage","url":"https:\/\/dubsite.developers.getspace.us\/wp-content\/uploads\/2024\/07\/foto-8.png","contentUrl":"https:\/\/dubsite.developers.getspace.us\/wp-content\/uploads\/2024\/07\/foto-8.png"},{"@type":"BreadcrumbList","@id":"https:\/\/dubsite.developers.getspace.us\/esteticheskaya-gimnastika\/#breadcrumb","itemListElement":[{"@type":"ListItem","position":1,"name":"\u0413\u043b\u0430\u0432\u043d\u0430\u044f \u0441\u0442\u0440\u0430\u043d\u0438\u0446\u0430","item":"https:\/\/dubsite.developers.getspace.us\/"},{"@type":"ListItem","position":2,"name":"Esteetiline v\u00f5imlemine"}]},{"@type":"WebSite","@id":"https:\/\/dubsite.developers.getspace.us\/#website","url":"https:\/\/dubsite.developers.getspace.us\/","name":"Academy Gymnastics","description":"Academy Gymnastics","publisher":{"@id":"https:\/\/dubsite.developers.getspace.us\/#organization"},"alternateName":"Academy Gymnastics","potentialAction":[{"@type":"SearchAction","target":{"@type":"EntryPoint","urlTemplate":"https:\/\/dubsite.developers.getspace.us\/?s={search_term_string}"},"query-input":{"@type":"PropertyValueSpecification","valueRequired":true,"valueName":"search_term_string"}}],"inLanguage":"et"},{"@type":"Organization","@id":"https:\/\/dubsite.developers.getspace.us\/#organization","name":"Academy Gymnastics","alternateName":"Academy Gymnastics","url":"https:\/\/dubsite.developers.getspace.us\/","logo":{"@type":"ImageObject","inLanguage":"et","@id":"https:\/\/dubsite.developers.getspace.us\/#\/schema\/logo\/image\/","url":"https:\/\/dubsite.developers.getspace.us\/wp-content\/uploads\/2024\/08\/cropped-web-page-1.jpg","contentUrl":"https:\/\/dubsite.developers.getspace.us\/wp-content\/uploads\/2024\/08\/cropped-web-page-1.jpg","width":512,"height":512,"caption":"Academy Gymnastics"},"image":{"@id":"https:\/\/dubsite.developers.getspace.us\/#\/schema\/logo\/image\/"},"sameAs":["https:\/\/www.facebook.com\/academygymnastics.ee\/","https:\/\/www.instagram.com\/academy.gymnastics.ee\/"]}]}},"_links":{"self":[{"href":"https:\/\/dubsite.developers.getspace.us\/et\/wp-json\/wp\/v2\/pages\/1916","targetHints":{"allow":["GET"]}}],"collection":[{"href":"https:\/\/dubsite.developers.getspace.us\/et\/wp-json\/wp\/v2\/pages"}],"about":[{"href":"https:\/\/dubsite.developers.getspace.us\/et\/wp-json\/wp\/v2\/types\/page"}],"author":[{"embeddable":true,"href":"https:\/\/dubsite.developers.getspace.us\/et\/wp-json\/wp\/v2\/users\/1"}],"replies":[{"embeddable":true,"href":"https:\/\/dubsite.developers.getspace.us\/et\/wp-json\/wp\/v2\/comments?post=1916"}],"version-history":[{"count":0,"href":"https:\/\/dubsite.developers.getspace.us\/et\/wp-json\/wp\/v2\/pages\/1916\/revisions"}],"wp:attachment":[{"href":"https:\/\/dubsite.developers.getspace.us\/et\/wp-json\/wp\/v2\/media?parent=1916"}],"curies":[{"name":"wp","href":"https:\/\/api.w.org\/{rel}","templated":true}]}}