{"id":1918,"date":"2024-07-30T08:29:51","date_gmt":"2024-07-30T08:29:51","guid":{"rendered":"https:\/\/dubsite.developers.getspace.us\/rutmiline-voimlemine\/"},"modified":"2024-10-06T11:43:37","modified_gmt":"2024-10-06T11:43:37","slug":"rutmiline-voimlemine","status":"publish","type":"page","link":"https:\/\/dubsite.developers.getspace.us\/et\/rutmiline-voimlemine\/","title":{"rendered":"Iluv\u00f5imlemine"},"content":{"rendered":"\t\t<div data-elementor-type=\"wp-page\" data-elementor-id=\"1918\" class=\"elementor elementor-1918 elementor-87\" data-elementor-post-type=\"page\">\n\t\t\t\t<div class=\"elementor-element elementor-element-b24937a e-flex e-con-boxed e-con e-parent\" data-id=\"b24937a\" data-element_type=\"container\">\n\t\t\t\t\t<div class=\"e-con-inner\">\n\t\t\t\t<div class=\"elementor-element elementor-element-ae10f28 elementor-invisible elementor-widget elementor-widget-heading\" data-id=\"ae10f28\" data-element_type=\"widget\" data-settings=\"{&quot;_animation&quot;:&quot;fadeInUp&quot;}\" data-widget_type=\"heading.default\">\n\t\t\t\t<div class=\"elementor-widget-container\">\n\t\t\t<h1 class=\"elementor-heading-title elementor-size-default\">Iluv\u00f5imlemine<\/h1>\t\t<\/div>\n\t\t\t\t<\/div>\n\t\t\t\t\t<\/div>\n\t\t\t\t<\/div>\n\t\t<div class=\"elementor-element elementor-element-92a242d e-flex e-con-boxed e-con e-parent\" data-id=\"92a242d\" data-element_type=\"container\">\n\t\t\t\t\t<div class=\"e-con-inner\">\n\t\t\t\t<div class=\"elementor-element elementor-element-a4055ec elementor-widget__width-initial elementor-absolute elementor-invisible elementor-widget elementor-widget-image\" data-id=\"a4055ec\" data-element_type=\"widget\" data-settings=\"{&quot;_position&quot;:&quot;absolute&quot;,&quot;_animation&quot;:&quot;slideInRight&quot;}\" data-widget_type=\"image.default\">\n\t\t\t\t<div class=\"elementor-widget-container\">\n\t\t\t\t\t\t\t\t\t\t\t\t\t<img fetchpriority=\"high\" decoding=\"async\" width=\"454\" height=\"625\" src=\"https:\/\/dubsite.developers.getspace.us\/wp-content\/uploads\/2024\/07\/foto-3.png\" class=\"attachment-full size-full wp-image-173\" alt=\"\" srcset=\"https:\/\/dubsite.developers.getspace.us\/wp-content\/uploads\/2024\/07\/foto-3.png 454w, https:\/\/dubsite.developers.getspace.us\/wp-content\/uploads\/2024\/07\/foto-3-218x300.png 218w\" sizes=\"(max-width: 454px) 100vw, 454px\" \/>\t\t\t\t\t\t\t\t\t\t\t\t\t<\/div>\n\t\t\t\t<\/div>\n\t\t\t\t<div class=\"elementor-element elementor-element-a84e853 elementor-widget__width-initial elementor-absolute elementor-invisible elementor-widget elementor-widget-image\" data-id=\"a84e853\" data-element_type=\"widget\" data-settings=\"{&quot;_position&quot;:&quot;absolute&quot;,&quot;_animation&quot;:&quot;fadeInUp&quot;}\" data-widget_type=\"image.default\">\n\t\t\t\t<div class=\"elementor-widget-container\">\n\t\t\t\t\t\t\t\t\t\t\t\t\t<img decoding=\"async\" width=\"346\" height=\"457\" src=\"https:\/\/dubsite.developers.getspace.us\/wp-content\/uploads\/2024\/07\/foto-2.png\" class=\"attachment-full size-full wp-image-172\" alt=\"\" srcset=\"https:\/\/dubsite.developers.getspace.us\/wp-content\/uploads\/2024\/07\/foto-2.png 346w, https:\/\/dubsite.developers.getspace.us\/wp-content\/uploads\/2024\/07\/foto-2-227x300.png 227w\" sizes=\"(max-width: 346px) 100vw, 346px\" \/>\t\t\t\t\t\t\t\t\t\t\t\t\t<\/div>\n\t\t\t\t<\/div>\n\t\t<div class=\"elementor-element elementor-element-991ff32 e-con-full e-flex e-con e-child\" data-id=\"991ff32\" data-element_type=\"container\">\n\t\t<div class=\"elementor-element elementor-element-3b0c9a1 e-con-full e-flex e-con e-child\" data-id=\"3b0c9a1\" data-element_type=\"container\" data-settings=\"{&quot;background_background&quot;:&quot;classic&quot;}\">\n\t\t\t\t<div class=\"elementor-element elementor-element-1c05ff7 elementor-widget-tablet__width-initial elementor-widget elementor-widget-text-editor\" data-id=\"1c05ff7\" data-element_type=\"widget\" data-widget_type=\"text-editor.default\">\n\t\t\t\t<div class=\"elementor-widget-container\">\n\t\t\t\t\t\t\t<p><span style=\"color: #3777d1;\">Iluv\u00f5imlemine <\/span>on \u00fcks graatsilisemaid ja visuaalselt nauditavamaid spordialasid.<\/p>\n<p>Eelkooliealiste ja nooremate vanuste jaoks toimub v\u00f5imlemine alguses ilma v\u00f5imlemis vahenditeta, hiljem lisandub <span style=\"color: #3777d1;\">r\u00f5ngas, h\u00fcppen\u00f6\u00f6r, pall, kurikad ja lint.<\/span><\/p>\n<p>Laste iluv\u00f5imlemine soodustab harmoonilist f\u00fc\u00fcsilist arengut, aitab lastel arendada oma oskusi ja vormib iseloomu<\/p>\n\t\t\t\t\t\t<\/div>\n\t\t\t\t<\/div>\n\t\t\t\t<div class=\"elementor-element elementor-element-24f8800 elementor-widget elementor-widget-text-editor\" data-id=\"24f8800\" data-element_type=\"widget\" data-widget_type=\"text-editor.default\">\n\t\t\t\t<div class=\"elementor-widget-container\">\n\t\t\t\t\t\t\t<p>T\u00e4nu v\u00f5imlemise ja balleti omavahelisele seosele areneb liigutuste v\u00e4ljendusrikkus, sealhulgas plastilisus, r\u00fctmitunne, graatsia ja artistlikkus.<\/p>\n<p>Treeningprotsess iluv\u00f5imlemises algab <span style=\"color: #3777d1;\">4-5-aastaselt. <\/span><\/p>\n<p>Sporditee alguses toimuvad treeningud m\u00e4ngulises vormis ning on suunatud lapse \u00fcldisele f\u00fc\u00fcsilisele arengule ja sotsiaalsele kohanemisele.<\/p>\n<p><span style=\"color: #3777d1;\">Koreograafia<\/span> ja akrobaatika on v\u00f5imlemise lahutamatu p\u00f5hiosad.<\/p>\n\t\t\t\t\t\t<\/div>\n\t\t\t\t<\/div>\n\t\t\t\t<\/div>\n\t\t\t\t<\/div>\n\t\t\t\t\t<\/div>\n\t\t\t\t<\/div>\n\t\t<div class=\"elementor-element elementor-element-16e55ffe e-flex e-con-boxed elementor-invisible e-con e-parent\" data-id=\"16e55ffe\" data-element_type=\"container\" data-settings=\"{&quot;animation&quot;:&quot;fadeInUp&quot;}\">\n\t\t\t\t\t<div class=\"e-con-inner\">\n\t\t<div class=\"elementor-element elementor-element-5e1d9db4 e-con-full e-flex e-con e-child\" data-id=\"5e1d9db4\" data-element_type=\"container\">\n\t\t\t\t<div class=\"elementor-element elementor-element-48dfe438 elementor-widget elementor-widget-heading\" data-id=\"48dfe438\" data-element_type=\"widget\" data-widget_type=\"heading.default\">\n\t\t\t\t<div class=\"elementor-widget-container\">\n\t\t\t<h3 class=\"elementor-heading-title elementor-size-default\"><a href=\"https:\/\/dubsite.developers.getspace.us\/et\/esteetiline-voimlemine\/\">Esteetiline v\u00f5imlemine<\/a><\/h3>\t\t<\/div>\n\t\t\t\t<\/div>\n\t\t\t\t<div class=\"elementor-element elementor-element-609e950d elementor-widget elementor-widget-image\" data-id=\"609e950d\" data-element_type=\"widget\" data-widget_type=\"image.default\">\n\t\t\t\t<div class=\"elementor-widget-container\">\n\t\t\t\t\t\t\t\t\t\t\t\t\t\t<a href=\"https:\/\/dubsite.developers.getspace.us\/et\/esteetiline-voimlemine\/\">\n\t\t\t\t\t\t\t<img decoding=\"async\" width=\"232\" height=\"267\" src=\"https:\/\/dubsite.developers.getspace.us\/wp-content\/uploads\/2024\/07\/3-2.png\" class=\"attachment-full size-full wp-image-59\" alt=\"\" \/>\t\t\t\t\t\t\t\t<\/a>\n\t\t\t\t\t\t\t\t\t\t\t\t\t<\/div>\n\t\t\t\t<\/div>\n\t\t\t\t<\/div>\n\t\t<div class=\"elementor-element elementor-element-69b58f82 e-con-full e-flex e-con e-child\" data-id=\"69b58f82\" data-element_type=\"container\">\n\t\t\t\t<div class=\"elementor-element elementor-element-7865976d elementor-widget elementor-widget-heading\" data-id=\"7865976d\" data-element_type=\"widget\" data-widget_type=\"heading.default\">\n\t\t\t\t<div class=\"elementor-widget-container\">\n\t\t\t<h3 class=\"elementor-heading-title elementor-size-default\"><a href=\"https:\/\/dubsite.developers.getspace.us\/et\/koreograafia\/\">Koreograafia<\/a><\/h3>\t\t<\/div>\n\t\t\t\t<\/div>\n\t\t\t\t<div class=\"elementor-element elementor-element-27ee4704 elementor-widget elementor-widget-image\" data-id=\"27ee4704\" data-element_type=\"widget\" data-widget_type=\"image.default\">\n\t\t\t\t<div class=\"elementor-widget-container\">\n\t\t\t\t\t\t\t\t\t\t\t\t\t\t<a href=\"https:\/\/dubsite.developers.getspace.us\/et\/koreograafia\/\">\n\t\t\t\t\t\t\t<img loading=\"lazy\" decoding=\"async\" width=\"231\" height=\"267\" src=\"https:\/\/dubsite.developers.getspace.us\/wp-content\/uploads\/2024\/07\/4-1.png\" class=\"attachment-full size-full wp-image-60\" alt=\"\" \/>\t\t\t\t\t\t\t\t<\/a>\n\t\t\t\t\t\t\t\t\t\t\t\t\t<\/div>\n\t\t\t\t<\/div>\n\t\t\t\t<\/div>\n\t\t<div class=\"elementor-element elementor-element-3c7ad2f0 e-con-full e-flex e-con e-child\" data-id=\"3c7ad2f0\" data-element_type=\"container\">\n\t\t\t\t<div class=\"elementor-element elementor-element-2bead869 elementor-widget elementor-widget-heading\" data-id=\"2bead869\" data-element_type=\"widget\" data-widget_type=\"heading.default\">\n\t\t\t\t<div class=\"elementor-widget-container\">\n\t\t\t<h3 class=\"elementor-heading-title elementor-size-default\"><a href=\"https:\/\/dubsite.developers.getspace.us\/et\/akrobaatika\/\">Akrobaatika<\/a><\/h3>\t\t<\/div>\n\t\t\t\t<\/div>\n\t\t\t\t<div class=\"elementor-element elementor-element-705b5ef9 elementor-widget elementor-widget-image\" data-id=\"705b5ef9\" data-element_type=\"widget\" data-widget_type=\"image.default\">\n\t\t\t\t<div class=\"elementor-widget-container\">\n\t\t\t\t\t\t\t\t\t\t\t\t\t\t<a href=\"https:\/\/dubsite.developers.getspace.us\/et\/akrobaatika\/\">\n\t\t\t\t\t\t\t<img loading=\"lazy\" decoding=\"async\" width=\"232\" height=\"267\" src=\"https:\/\/dubsite.developers.getspace.us\/wp-content\/uploads\/2024\/07\/2.png\" class=\"attachment-full size-full wp-image-58\" alt=\"\" \/>\t\t\t\t\t\t\t\t<\/a>\n\t\t\t\t\t\t\t\t\t\t\t\t\t<\/div>\n\t\t\t\t<\/div>\n\t\t\t\t<\/div>\n\t\t<div class=\"elementor-element elementor-element-17cd4aee e-con-full e-flex e-con e-child\" data-id=\"17cd4aee\" data-element_type=\"container\">\n\t\t\t\t<div class=\"elementor-element elementor-element-457e219a elementor-widget elementor-widget-heading\" data-id=\"457e219a\" data-element_type=\"widget\" data-widget_type=\"heading.default\">\n\t\t\t\t<div class=\"elementor-widget-container\">\n\t\t\t<h3 class=\"elementor-heading-title elementor-size-default\"><a href=\"https:\/\/dubsite.developers.getspace.us\/et\/voimlemine\/\">Sportv\u00f5imlemine<\/a><\/h3>\t\t<\/div>\n\t\t\t\t<\/div>\n\t\t\t\t<div class=\"elementor-element elementor-element-62edb3e elementor-widget elementor-widget-image\" data-id=\"62edb3e\" data-element_type=\"widget\" data-widget_type=\"image.default\">\n\t\t\t\t<div class=\"elementor-widget-container\">\n\t\t\t\t\t\t\t\t\t\t\t\t\t\t<a href=\"https:\/\/dubsite.developers.getspace.us\/et\/voimlemine\/\">\n\t\t\t\t\t\t\t<img loading=\"lazy\" decoding=\"async\" width=\"233\" height=\"267\" src=\"https:\/\/dubsite.developers.getspace.us\/wp-content\/uploads\/2024\/08\/frame-2039.png\" class=\"attachment-full size-full wp-image-781\" alt=\"\" \/>\t\t\t\t\t\t\t\t<\/a>\n\t\t\t\t\t\t\t\t\t\t\t\t\t<\/div>\n\t\t\t\t<\/div>\n\t\t\t\t<\/div>\n\t\t\t\t\t<\/div>\n\t\t\t\t<\/div>\n\t\t\t\t<\/div>\n\t\t","protected":false},"excerpt":{"rendered":"<p>Iluv\u00f5imlemine Iluv\u00f5imlemine on \u00fcks graatsilisemaid ja visuaalselt nauditavamaid spordialasid. Eelkooliealiste ja nooremate vanuste jaoks toimub v\u00f5imlemine alguses ilma v\u00f5imlemis vahenditeta, hiljem lisandub r\u00f5ngas, h\u00fcppen\u00f6\u00f6r, pall, kurikad ja lint. Laste iluv\u00f5imlemine soodustab harmoonilist f\u00fc\u00fcsilist arengut, aitab lastel arendada oma oskusi ja vormib iseloomu T\u00e4nu v\u00f5imlemise ja balleti omavahelisele seosele areneb liigutuste v\u00e4ljendusrikkus, sealhulgas plastilisus, r\u00fctmitunne, graatsia [&hellip;]<\/p>\n","protected":false},"author":1,"featured_media":0,"parent":0,"menu_order":0,"comment_status":"closed","ping_status":"closed","template":"elementor_header_footer","meta":{"footnotes":""},"class_list":["post-1918","page","type-page","status-publish","hentry","entry"],"yoast_head":"<!-- This site is optimized with the Yoast SEO Premium plugin v23.0 (Yoast SEO v24.1) - https:\/\/yoast.com\/wordpress\/plugins\/seo\/ -->\n<title>Iluv\u00f5imlemine - Academy Gymnastics<\/title>\n<meta name=\"robots\" content=\"index, follow, max-snippet:-1, max-image-preview:large, max-video-preview:-1\" \/>\n<link rel=\"canonical\" href=\"https:\/\/dubsite.developers.getspace.us\/hudozhestvennaya-gimnastika\/\" \/>\n<meta property=\"og:locale\" content=\"et_EE\" \/>\n<meta property=\"og:type\" content=\"article\" \/>\n<meta property=\"og:title\" content=\"Iluv\u00f5imlemine\" \/>\n<meta property=\"og:description\" content=\"Iluv\u00f5imlemine Iluv\u00f5imlemine on \u00fcks graatsilisemaid ja visuaalselt nauditavamaid spordialasid. Eelkooliealiste ja nooremate vanuste jaoks toimub v\u00f5imlemine alguses ilma v\u00f5imlemis vahenditeta, hiljem lisandub r\u00f5ngas, h\u00fcppen\u00f6\u00f6r, pall, kurikad ja lint. Laste iluv\u00f5imlemine soodustab harmoonilist f\u00fc\u00fcsilist arengut, aitab lastel arendada oma oskusi ja vormib iseloomu T\u00e4nu v\u00f5imlemise ja balleti omavahelisele seosele areneb liigutuste v\u00e4ljendusrikkus, sealhulgas plastilisus, r\u00fctmitunne, graatsia [&hellip;]\" \/>\n<meta property=\"og:url\" content=\"https:\/\/dubsite.developers.getspace.us\/hudozhestvennaya-gimnastika\/\" \/>\n<meta property=\"og:site_name\" content=\"Academy Gymnastics\" \/>\n<meta property=\"article:publisher\" content=\"https:\/\/www.facebook.com\/academygymnastics.ee\/\" \/>\n<meta property=\"article:modified_time\" content=\"2024-10-06T11:43:37+00:00\" \/>\n<meta property=\"og:image\" content=\"https:\/\/dubsite.developers.getspace.us\/wp-content\/uploads\/2024\/07\/foto-3.png\" \/>\n<meta name=\"twitter:card\" content=\"summary_large_image\" \/>\n<meta name=\"twitter:label1\" content=\"Est. reading time\" \/>\n\t<meta name=\"twitter:data1\" content=\"2 minutes\" \/>\n<script type=\"application\/ld+json\" class=\"yoast-schema-graph\">{\"@context\":\"https:\/\/schema.org\",\"@graph\":[{\"@type\":\"WebPage\",\"@id\":\"https:\/\/dubsite.developers.getspace.us\/hudozhestvennaya-gimnastika\/\",\"url\":\"https:\/\/dubsite.developers.getspace.us\/hudozhestvennaya-gimnastika\/\",\"name\":\"Iluv\u00f5imlemine - Academy Gymnastics\",\"isPartOf\":{\"@id\":\"https:\/\/dubsite.developers.getspace.us\/#website\"},\"primaryImageOfPage\":{\"@id\":\"https:\/\/dubsite.developers.getspace.us\/hudozhestvennaya-gimnastika\/#primaryimage\"},\"image\":{\"@id\":\"https:\/\/dubsite.developers.getspace.us\/hudozhestvennaya-gimnastika\/#primaryimage\"},\"thumbnailUrl\":\"https:\/\/dubsite.developers.getspace.us\/wp-content\/uploads\/2024\/07\/foto-3.png\",\"datePublished\":\"2024-07-30T08:29:51+00:00\",\"dateModified\":\"2024-10-06T11:43:37+00:00\",\"breadcrumb\":{\"@id\":\"https:\/\/dubsite.developers.getspace.us\/hudozhestvennaya-gimnastika\/#breadcrumb\"},\"inLanguage\":\"et\",\"potentialAction\":[{\"@type\":\"ReadAction\",\"target\":[\"https:\/\/dubsite.developers.getspace.us\/hudozhestvennaya-gimnastika\/\"]}]},{\"@type\":\"ImageObject\",\"inLanguage\":\"et\",\"@id\":\"https:\/\/dubsite.developers.getspace.us\/hudozhestvennaya-gimnastika\/#primaryimage\",\"url\":\"https:\/\/dubsite.developers.getspace.us\/wp-content\/uploads\/2024\/07\/foto-3.png\",\"contentUrl\":\"https:\/\/dubsite.developers.getspace.us\/wp-content\/uploads\/2024\/07\/foto-3.png\"},{\"@type\":\"BreadcrumbList\",\"@id\":\"https:\/\/dubsite.developers.getspace.us\/hudozhestvennaya-gimnastika\/#breadcrumb\",\"itemListElement\":[{\"@type\":\"ListItem\",\"position\":1,\"name\":\"\u0413\u043b\u0430\u0432\u043d\u0430\u044f \u0441\u0442\u0440\u0430\u043d\u0438\u0446\u0430\",\"item\":\"https:\/\/dubsite.developers.getspace.us\/\"},{\"@type\":\"ListItem\",\"position\":2,\"name\":\"Iluv\u00f5imlemine\"}]},{\"@type\":\"WebSite\",\"@id\":\"https:\/\/dubsite.developers.getspace.us\/#website\",\"url\":\"https:\/\/dubsite.developers.getspace.us\/\",\"name\":\"Academy Gymnastics\",\"description\":\"Academy Gymnastics\",\"publisher\":{\"@id\":\"https:\/\/dubsite.developers.getspace.us\/#organization\"},\"alternateName\":\"Academy Gymnastics\",\"potentialAction\":[{\"@type\":\"SearchAction\",\"target\":{\"@type\":\"EntryPoint\",\"urlTemplate\":\"https:\/\/dubsite.developers.getspace.us\/?s={search_term_string}\"},\"query-input\":{\"@type\":\"PropertyValueSpecification\",\"valueRequired\":true,\"valueName\":\"search_term_string\"}}],\"inLanguage\":\"et\"},{\"@type\":\"Organization\",\"@id\":\"https:\/\/dubsite.developers.getspace.us\/#organization\",\"name\":\"Academy Gymnastics\",\"alternateName\":\"Academy Gymnastics\",\"url\":\"https:\/\/dubsite.developers.getspace.us\/\",\"logo\":{\"@type\":\"ImageObject\",\"inLanguage\":\"et\",\"@id\":\"https:\/\/dubsite.developers.getspace.us\/#\/schema\/logo\/image\/\",\"url\":\"https:\/\/dubsite.developers.getspace.us\/wp-content\/uploads\/2024\/08\/cropped-web-page-1.jpg\",\"contentUrl\":\"https:\/\/dubsite.developers.getspace.us\/wp-content\/uploads\/2024\/08\/cropped-web-page-1.jpg\",\"width\":512,\"height\":512,\"caption\":\"Academy Gymnastics\"},\"image\":{\"@id\":\"https:\/\/dubsite.developers.getspace.us\/#\/schema\/logo\/image\/\"},\"sameAs\":[\"https:\/\/www.facebook.com\/academygymnastics.ee\/\",\"https:\/\/www.instagram.com\/academy.gymnastics.ee\/\"]}]}<\/script>\n<!-- \/ Yoast SEO Premium plugin. -->","yoast_head_json":{"title":"Iluv\u00f5imlemine - Academy Gymnastics","robots":{"index":"index","follow":"follow","max-snippet":"max-snippet:-1","max-image-preview":"max-image-preview:large","max-video-preview":"max-video-preview:-1"},"canonical":"https:\/\/dubsite.developers.getspace.us\/hudozhestvennaya-gimnastika\/","og_locale":"et_EE","og_type":"article","og_title":"Iluv\u00f5imlemine","og_description":"Iluv\u00f5imlemine Iluv\u00f5imlemine on \u00fcks graatsilisemaid ja visuaalselt nauditavamaid spordialasid. Eelkooliealiste ja nooremate vanuste jaoks toimub v\u00f5imlemine alguses ilma v\u00f5imlemis vahenditeta, hiljem lisandub r\u00f5ngas, h\u00fcppen\u00f6\u00f6r, pall, kurikad ja lint. Laste iluv\u00f5imlemine soodustab harmoonilist f\u00fc\u00fcsilist arengut, aitab lastel arendada oma oskusi ja vormib iseloomu T\u00e4nu v\u00f5imlemise ja balleti omavahelisele seosele areneb liigutuste v\u00e4ljendusrikkus, sealhulgas plastilisus, r\u00fctmitunne, graatsia [&hellip;]","og_url":"https:\/\/dubsite.developers.getspace.us\/hudozhestvennaya-gimnastika\/","og_site_name":"Academy Gymnastics","article_publisher":"https:\/\/www.facebook.com\/academygymnastics.ee\/","article_modified_time":"2024-10-06T11:43:37+00:00","og_image":[{"url":"https:\/\/dubsite.developers.getspace.us\/wp-content\/uploads\/2024\/07\/foto-3.png","type":"","width":"","height":""}],"twitter_card":"summary_large_image","twitter_misc":{"Est. reading time":"2 minutes"},"schema":{"@context":"https:\/\/schema.org","@graph":[{"@type":"WebPage","@id":"https:\/\/dubsite.developers.getspace.us\/hudozhestvennaya-gimnastika\/","url":"https:\/\/dubsite.developers.getspace.us\/hudozhestvennaya-gimnastika\/","name":"Iluv\u00f5imlemine - Academy Gymnastics","isPartOf":{"@id":"https:\/\/dubsite.developers.getspace.us\/#website"},"primaryImageOfPage":{"@id":"https:\/\/dubsite.developers.getspace.us\/hudozhestvennaya-gimnastika\/#primaryimage"},"image":{"@id":"https:\/\/dubsite.developers.getspace.us\/hudozhestvennaya-gimnastika\/#primaryimage"},"thumbnailUrl":"https:\/\/dubsite.developers.getspace.us\/wp-content\/uploads\/2024\/07\/foto-3.png","datePublished":"2024-07-30T08:29:51+00:00","dateModified":"2024-10-06T11:43:37+00:00","breadcrumb":{"@id":"https:\/\/dubsite.developers.getspace.us\/hudozhestvennaya-gimnastika\/#breadcrumb"},"inLanguage":"et","potentialAction":[{"@type":"ReadAction","target":["https:\/\/dubsite.developers.getspace.us\/hudozhestvennaya-gimnastika\/"]}]},{"@type":"ImageObject","inLanguage":"et","@id":"https:\/\/dubsite.developers.getspace.us\/hudozhestvennaya-gimnastika\/#primaryimage","url":"https:\/\/dubsite.developers.getspace.us\/wp-content\/uploads\/2024\/07\/foto-3.png","contentUrl":"https:\/\/dubsite.developers.getspace.us\/wp-content\/uploads\/2024\/07\/foto-3.png"},{"@type":"BreadcrumbList","@id":"https:\/\/dubsite.developers.getspace.us\/hudozhestvennaya-gimnastika\/#breadcrumb","itemListElement":[{"@type":"ListItem","position":1,"name":"\u0413\u043b\u0430\u0432\u043d\u0430\u044f \u0441\u0442\u0440\u0430\u043d\u0438\u0446\u0430","item":"https:\/\/dubsite.developers.getspace.us\/"},{"@type":"ListItem","position":2,"name":"Iluv\u00f5imlemine"}]},{"@type":"WebSite","@id":"https:\/\/dubsite.developers.getspace.us\/#website","url":"https:\/\/dubsite.developers.getspace.us\/","name":"Academy Gymnastics","description":"Academy Gymnastics","publisher":{"@id":"https:\/\/dubsite.developers.getspace.us\/#organization"},"alternateName":"Academy Gymnastics","potentialAction":[{"@type":"SearchAction","target":{"@type":"EntryPoint","urlTemplate":"https:\/\/dubsite.developers.getspace.us\/?s={search_term_string}"},"query-input":{"@type":"PropertyValueSpecification","valueRequired":true,"valueName":"search_term_string"}}],"inLanguage":"et"},{"@type":"Organization","@id":"https:\/\/dubsite.developers.getspace.us\/#organization","name":"Academy Gymnastics","alternateName":"Academy Gymnastics","url":"https:\/\/dubsite.developers.getspace.us\/","logo":{"@type":"ImageObject","inLanguage":"et","@id":"https:\/\/dubsite.developers.getspace.us\/#\/schema\/logo\/image\/","url":"https:\/\/dubsite.developers.getspace.us\/wp-content\/uploads\/2024\/08\/cropped-web-page-1.jpg","contentUrl":"https:\/\/dubsite.developers.getspace.us\/wp-content\/uploads\/2024\/08\/cropped-web-page-1.jpg","width":512,"height":512,"caption":"Academy Gymnastics"},"image":{"@id":"https:\/\/dubsite.developers.getspace.us\/#\/schema\/logo\/image\/"},"sameAs":["https:\/\/www.facebook.com\/academygymnastics.ee\/","https:\/\/www.instagram.com\/academy.gymnastics.ee\/"]}]}},"_links":{"self":[{"href":"https:\/\/dubsite.developers.getspace.us\/et\/wp-json\/wp\/v2\/pages\/1918","targetHints":{"allow":["GET"]}}],"collection":[{"href":"https:\/\/dubsite.developers.getspace.us\/et\/wp-json\/wp\/v2\/pages"}],"about":[{"href":"https:\/\/dubsite.developers.getspace.us\/et\/wp-json\/wp\/v2\/types\/page"}],"author":[{"embeddable":true,"href":"https:\/\/dubsite.developers.getspace.us\/et\/wp-json\/wp\/v2\/users\/1"}],"replies":[{"embeddable":true,"href":"https:\/\/dubsite.developers.getspace.us\/et\/wp-json\/wp\/v2\/comments?post=1918"}],"version-history":[{"count":0,"href":"https:\/\/dubsite.developers.getspace.us\/et\/wp-json\/wp\/v2\/pages\/1918\/revisions"}],"wp:attachment":[{"href":"https:\/\/dubsite.developers.getspace.us\/et\/wp-json\/wp\/v2\/media?parent=1918"}],"curies":[{"name":"wp","href":"https:\/\/api.w.org\/{rel}","templated":true}]}}