{"id":1922,"date":"2024-07-30T07:27:41","date_gmt":"2024-07-30T07:27:41","guid":{"rendered":"https:\/\/dubsite.developers.getspace.us\/koreograafia\/"},"modified":"2024-10-06T11:43:38","modified_gmt":"2024-10-06T11:43:38","slug":"koreograafia","status":"publish","type":"page","link":"https:\/\/dubsite.developers.getspace.us\/et\/koreograafia\/","title":{"rendered":"Koreograafia"},"content":{"rendered":"\t\t<div data-elementor-type=\"wp-page\" data-elementor-id=\"1922\" class=\"elementor elementor-1922 elementor-68\" data-elementor-post-type=\"page\">\n\t\t\t\t<div class=\"elementor-element elementor-element-b1d78c5 e-flex e-con-boxed e-con e-parent\" data-id=\"b1d78c5\" data-element_type=\"container\">\n\t\t\t\t\t<div class=\"e-con-inner\">\n\t\t\t\t<div class=\"elementor-element elementor-element-cc62e37 elementor-invisible elementor-widget elementor-widget-heading\" data-id=\"cc62e37\" data-element_type=\"widget\" data-settings=\"{&quot;_animation&quot;:&quot;fadeInUp&quot;}\" data-widget_type=\"heading.default\">\n\t\t\t\t<div class=\"elementor-widget-container\">\n\t\t\t<h1 class=\"elementor-heading-title elementor-size-default\">Koreograafia<\/h1>\t\t<\/div>\n\t\t\t\t<\/div>\n\t\t\t\t\t<\/div>\n\t\t\t\t<\/div>\n\t\t<div class=\"elementor-element elementor-element-a7fac0c e-flex e-con-boxed e-con e-parent\" data-id=\"a7fac0c\" data-element_type=\"container\">\n\t\t\t\t\t<div class=\"e-con-inner\">\n\t\t\t\t<div class=\"elementor-element elementor-element-a538d61 elementor-widget__width-initial elementor-absolute elementor-invisible elementor-widget elementor-widget-image\" data-id=\"a538d61\" data-element_type=\"widget\" data-settings=\"{&quot;_position&quot;:&quot;absolute&quot;,&quot;_animation&quot;:&quot;slideInRight&quot;}\" data-widget_type=\"image.default\">\n\t\t\t\t<div class=\"elementor-widget-container\">\n\t\t\t\t\t\t\t\t\t\t\t\t\t<img fetchpriority=\"high\" decoding=\"async\" width=\"453\" height=\"565\" src=\"https:\/\/dubsite.developers.getspace.us\/wp-content\/uploads\/2024\/07\/foto-10.png\" class=\"attachment-full size-full wp-image-72\" alt=\"\" srcset=\"https:\/\/dubsite.developers.getspace.us\/wp-content\/uploads\/2024\/07\/foto-10.png 453w, https:\/\/dubsite.developers.getspace.us\/wp-content\/uploads\/2024\/07\/foto-10-241x300.png 241w\" sizes=\"(max-width: 453px) 100vw, 453px\" \/>\t\t\t\t\t\t\t\t\t\t\t\t\t<\/div>\n\t\t\t\t<\/div>\n\t\t\t\t<div class=\"elementor-element elementor-element-b1876b6 elementor-widget__width-initial elementor-absolute elementor-invisible elementor-widget elementor-widget-image\" data-id=\"b1876b6\" data-element_type=\"widget\" data-settings=\"{&quot;_position&quot;:&quot;absolute&quot;,&quot;_animation&quot;:&quot;fadeInUp&quot;}\" data-widget_type=\"image.default\">\n\t\t\t\t<div class=\"elementor-widget-container\">\n\t\t\t\t\t\t\t\t\t\t\t\t\t<img decoding=\"async\" width=\"349\" height=\"413\" src=\"https:\/\/dubsite.developers.getspace.us\/wp-content\/uploads\/2024\/07\/foto-9.png\" class=\"attachment-full size-full wp-image-71\" alt=\"\" srcset=\"https:\/\/dubsite.developers.getspace.us\/wp-content\/uploads\/2024\/07\/foto-9.png 349w, https:\/\/dubsite.developers.getspace.us\/wp-content\/uploads\/2024\/07\/foto-9-254x300.png 254w\" sizes=\"(max-width: 349px) 100vw, 349px\" \/>\t\t\t\t\t\t\t\t\t\t\t\t\t<\/div>\n\t\t\t\t<\/div>\n\t\t<div class=\"elementor-element elementor-element-bc818f5 e-con-full e-flex e-con e-child\" data-id=\"bc818f5\" data-element_type=\"container\">\n\t\t<div class=\"elementor-element elementor-element-b103f17 e-con-full e-flex e-con e-child\" data-id=\"b103f17\" data-element_type=\"container\" data-settings=\"{&quot;background_background&quot;:&quot;classic&quot;}\">\n\t\t\t\t<div class=\"elementor-element elementor-element-06101c1 elementor-widget-tablet__width-initial elementor-widget elementor-widget-text-editor\" data-id=\"06101c1\" data-element_type=\"widget\" data-widget_type=\"text-editor.default\">\n\t\t\t\t<div class=\"elementor-widget-container\">\n\t\t\t\t\t\t\t<p><b><span style=\"color: #3777d1;\">Koreograafia<\/span><\/b> <span style=\"color: black;\">on iluv\u00f5imlemise oluline osa.<\/span><\/p>\n<p><span style=\"color: black;\">Koreograafiatundides puutuvad v\u00f5imlejad k\u00f5ige enam kokku kunstiga.<\/span><\/p>\n<p><span style=\"color: black;\">Koreograafia arendab painduvust, tasakaalu, kergust h\u00fcpetes ja liigutuste plastilisust. See n\u00f5uab loovat l\u00e4henemist, kujutlusv\u00f5imet ning muusika, r\u00fctmi ja ruumi m\u00f5istmist. <\/span><\/p>\n<p><span style=\"color: black;\">Koreograafia aitab emotsioone liigutuste kaudu edasi anda, luues h\u00e4mmastavaid ja meeldej\u00e4\u00e4vaid visuaalseid kujundeid.<\/span><\/p>\n\t\t\t\t\t\t<\/div>\n\t\t\t\t<\/div>\n\t\t\t\t<\/div>\n\t\t\t\t<\/div>\n\t\t\t\t\t<\/div>\n\t\t\t\t<\/div>\n\t\t<div class=\"elementor-element elementor-element-acc9d95 e-flex e-con-boxed elementor-invisible e-con e-parent\" data-id=\"acc9d95\" data-element_type=\"container\" data-settings=\"{&quot;animation&quot;:&quot;fadeInUp&quot;}\">\n\t\t\t\t\t<div class=\"e-con-inner\">\n\t\t<div class=\"elementor-element elementor-element-5599f2b8 e-con-full e-flex e-con e-child\" data-id=\"5599f2b8\" data-element_type=\"container\">\n\t\t\t\t<div class=\"elementor-element elementor-element-27dc1096 elementor-widget elementor-widget-heading\" data-id=\"27dc1096\" data-element_type=\"widget\" data-widget_type=\"heading.default\">\n\t\t\t\t<div class=\"elementor-widget-container\">\n\t\t\t<h3 class=\"elementor-heading-title elementor-size-default\"><a href=\"https:\/\/dubsite.developers.getspace.us\/et\/rutmiline-voimlemine\/\">Iluv\u00f5imlemine<\/a><\/h3>\t\t<\/div>\n\t\t\t\t<\/div>\n\t\t\t\t<div class=\"elementor-element elementor-element-4c7cae8f elementor-widget elementor-widget-image\" data-id=\"4c7cae8f\" data-element_type=\"widget\" data-widget_type=\"image.default\">\n\t\t\t\t<div class=\"elementor-widget-container\">\n\t\t\t\t\t\t\t\t\t\t\t\t\t\t<a href=\"https:\/\/dubsite.developers.getspace.us\/et\/rutmiline-voimlemine\/\">\n\t\t\t\t\t\t\t<img decoding=\"async\" width=\"232\" height=\"267\" src=\"https:\/\/dubsite.developers.getspace.us\/wp-content\/uploads\/2024\/07\/1.png\" class=\"attachment-full size-full wp-image-41\" alt=\"\" \/>\t\t\t\t\t\t\t\t<\/a>\n\t\t\t\t\t\t\t\t\t\t\t\t\t<\/div>\n\t\t\t\t<\/div>\n\t\t\t\t<\/div>\n\t\t<div class=\"elementor-element elementor-element-255f9a89 e-con-full e-flex e-con e-child\" data-id=\"255f9a89\" data-element_type=\"container\">\n\t\t\t\t<div class=\"elementor-element elementor-element-34704de8 elementor-widget elementor-widget-heading\" data-id=\"34704de8\" data-element_type=\"widget\" data-widget_type=\"heading.default\">\n\t\t\t\t<div class=\"elementor-widget-container\">\n\t\t\t<h3 class=\"elementor-heading-title elementor-size-default\"><a href=\"https:\/\/dubsite.developers.getspace.us\/et\/esteetiline-voimlemine\/\">Esteetiline v\u00f5imlemine<\/a><\/h3>\t\t<\/div>\n\t\t\t\t<\/div>\n\t\t\t\t<div class=\"elementor-element elementor-element-3873cb8e elementor-widget elementor-widget-image\" data-id=\"3873cb8e\" data-element_type=\"widget\" data-widget_type=\"image.default\">\n\t\t\t\t<div class=\"elementor-widget-container\">\n\t\t\t\t\t\t\t\t\t\t\t\t\t\t<a href=\"https:\/\/dubsite.developers.getspace.us\/et\/esteetiline-voimlemine\/\">\n\t\t\t\t\t\t\t<img loading=\"lazy\" decoding=\"async\" width=\"232\" height=\"267\" src=\"https:\/\/dubsite.developers.getspace.us\/wp-content\/uploads\/2024\/07\/3-2.png\" class=\"attachment-full size-full wp-image-59\" alt=\"\" \/>\t\t\t\t\t\t\t\t<\/a>\n\t\t\t\t\t\t\t\t\t\t\t\t\t<\/div>\n\t\t\t\t<\/div>\n\t\t\t\t<\/div>\n\t\t<div class=\"elementor-element elementor-element-6ac99917 e-con-full e-flex e-con e-child\" data-id=\"6ac99917\" data-element_type=\"container\">\n\t\t\t\t<div class=\"elementor-element elementor-element-311075f8 elementor-widget elementor-widget-heading\" data-id=\"311075f8\" data-element_type=\"widget\" data-widget_type=\"heading.default\">\n\t\t\t\t<div class=\"elementor-widget-container\">\n\t\t\t<h3 class=\"elementor-heading-title elementor-size-default\"><a href=\"https:\/\/dubsite.developers.getspace.us\/et\/akrobaatika\/\">Akrobaatika<\/a><\/h3>\t\t<\/div>\n\t\t\t\t<\/div>\n\t\t\t\t<div class=\"elementor-element elementor-element-700fbfe0 elementor-widget elementor-widget-image\" data-id=\"700fbfe0\" data-element_type=\"widget\" data-widget_type=\"image.default\">\n\t\t\t\t<div class=\"elementor-widget-container\">\n\t\t\t\t\t\t\t\t\t\t\t\t\t\t<a href=\"https:\/\/dubsite.developers.getspace.us\/et\/akrobaatika\/\">\n\t\t\t\t\t\t\t<img loading=\"lazy\" decoding=\"async\" width=\"232\" height=\"267\" src=\"https:\/\/dubsite.developers.getspace.us\/wp-content\/uploads\/2024\/07\/2.png\" class=\"attachment-full size-full wp-image-58\" alt=\"\" \/>\t\t\t\t\t\t\t\t<\/a>\n\t\t\t\t\t\t\t\t\t\t\t\t\t<\/div>\n\t\t\t\t<\/div>\n\t\t\t\t<\/div>\n\t\t<div class=\"elementor-element elementor-element-6e6c6753 e-con-full e-flex e-con e-child\" data-id=\"6e6c6753\" data-element_type=\"container\">\n\t\t\t\t<div class=\"elementor-element elementor-element-23d7ec2b elementor-widget elementor-widget-heading\" data-id=\"23d7ec2b\" data-element_type=\"widget\" data-widget_type=\"heading.default\">\n\t\t\t\t<div class=\"elementor-widget-container\">\n\t\t\t<h3 class=\"elementor-heading-title elementor-size-default\"><a href=\"https:\/\/dubsite.developers.getspace.us\/et\/voimlemine\/\">Sportv\u00f5imlemine<\/a><\/h3>\t\t<\/div>\n\t\t\t\t<\/div>\n\t\t\t\t<div class=\"elementor-element elementor-element-1f9f71c4 elementor-widget elementor-widget-image\" data-id=\"1f9f71c4\" data-element_type=\"widget\" data-widget_type=\"image.default\">\n\t\t\t\t<div class=\"elementor-widget-container\">\n\t\t\t\t\t\t\t\t\t\t\t\t\t\t<a href=\"https:\/\/dubsite.developers.getspace.us\/et\/voimlemine\/\">\n\t\t\t\t\t\t\t<img loading=\"lazy\" decoding=\"async\" width=\"233\" height=\"267\" src=\"https:\/\/dubsite.developers.getspace.us\/wp-content\/uploads\/2024\/08\/frame-2039.png\" class=\"attachment-full size-full wp-image-781\" alt=\"\" \/>\t\t\t\t\t\t\t\t<\/a>\n\t\t\t\t\t\t\t\t\t\t\t\t\t<\/div>\n\t\t\t\t<\/div>\n\t\t\t\t<\/div>\n\t\t\t\t\t<\/div>\n\t\t\t\t<\/div>\n\t\t\t\t<\/div>\n\t\t","protected":false},"excerpt":{"rendered":"<p>Koreograafia Koreograafia on iluv\u00f5imlemise oluline osa. Koreograafiatundides puutuvad v\u00f5imlejad k\u00f5ige enam kokku kunstiga. Koreograafia arendab painduvust, tasakaalu, kergust h\u00fcpetes ja liigutuste plastilisust. See n\u00f5uab loovat l\u00e4henemist, kujutlusv\u00f5imet ning muusika, r\u00fctmi ja ruumi m\u00f5istmist. Koreograafia aitab emotsioone liigutuste kaudu edasi anda, luues h\u00e4mmastavaid ja meeldej\u00e4\u00e4vaid visuaalseid kujundeid. Iluv\u00f5imlemine Esteetiline v\u00f5imlemine Akrobaatika Sportv\u00f5imlemine<\/p>\n","protected":false},"author":1,"featured_media":0,"parent":0,"menu_order":0,"comment_status":"closed","ping_status":"closed","template":"elementor_header_footer","meta":{"footnotes":""},"class_list":["post-1922","page","type-page","status-publish","hentry","entry"],"yoast_head":"<!-- This site is optimized with the Yoast SEO Premium plugin v23.0 (Yoast SEO v24.1) - https:\/\/yoast.com\/wordpress\/plugins\/seo\/ -->\n<title>Koreograafia - Academy Gymnastics<\/title>\n<meta name=\"robots\" content=\"index, follow, max-snippet:-1, max-image-preview:large, max-video-preview:-1\" \/>\n<link rel=\"canonical\" href=\"https:\/\/dubsite.developers.getspace.us\/horeografiya\/\" \/>\n<meta property=\"og:locale\" content=\"et_EE\" \/>\n<meta property=\"og:type\" content=\"article\" \/>\n<meta property=\"og:title\" content=\"Koreograafia\" \/>\n<meta property=\"og:description\" content=\"Koreograafia Koreograafia on iluv\u00f5imlemise oluline osa. Koreograafiatundides puutuvad v\u00f5imlejad k\u00f5ige enam kokku kunstiga. Koreograafia arendab painduvust, tasakaalu, kergust h\u00fcpetes ja liigutuste plastilisust. See n\u00f5uab loovat l\u00e4henemist, kujutlusv\u00f5imet ning muusika, r\u00fctmi ja ruumi m\u00f5istmist. Koreograafia aitab emotsioone liigutuste kaudu edasi anda, luues h\u00e4mmastavaid ja meeldej\u00e4\u00e4vaid visuaalseid kujundeid. Iluv\u00f5imlemine Esteetiline v\u00f5imlemine Akrobaatika Sportv\u00f5imlemine\" \/>\n<meta property=\"og:url\" content=\"https:\/\/dubsite.developers.getspace.us\/horeografiya\/\" \/>\n<meta property=\"og:site_name\" content=\"Academy Gymnastics\" \/>\n<meta property=\"article:publisher\" content=\"https:\/\/www.facebook.com\/academygymnastics.ee\/\" \/>\n<meta property=\"article:modified_time\" content=\"2024-10-06T11:43:38+00:00\" \/>\n<meta property=\"og:image\" content=\"https:\/\/dubsite.developers.getspace.us\/wp-content\/uploads\/2024\/07\/foto-10.png\" \/>\n<meta name=\"twitter:card\" content=\"summary_large_image\" \/>\n<meta name=\"twitter:label1\" content=\"Est. reading time\" \/>\n\t<meta name=\"twitter:data1\" content=\"2 minutes\" \/>\n<script type=\"application\/ld+json\" class=\"yoast-schema-graph\">{\"@context\":\"https:\/\/schema.org\",\"@graph\":[{\"@type\":\"WebPage\",\"@id\":\"https:\/\/dubsite.developers.getspace.us\/horeografiya\/\",\"url\":\"https:\/\/dubsite.developers.getspace.us\/horeografiya\/\",\"name\":\"Koreograafia - Academy Gymnastics\",\"isPartOf\":{\"@id\":\"https:\/\/dubsite.developers.getspace.us\/#website\"},\"primaryImageOfPage\":{\"@id\":\"https:\/\/dubsite.developers.getspace.us\/horeografiya\/#primaryimage\"},\"image\":{\"@id\":\"https:\/\/dubsite.developers.getspace.us\/horeografiya\/#primaryimage\"},\"thumbnailUrl\":\"https:\/\/dubsite.developers.getspace.us\/wp-content\/uploads\/2024\/07\/foto-10.png\",\"datePublished\":\"2024-07-30T07:27:41+00:00\",\"dateModified\":\"2024-10-06T11:43:38+00:00\",\"breadcrumb\":{\"@id\":\"https:\/\/dubsite.developers.getspace.us\/horeografiya\/#breadcrumb\"},\"inLanguage\":\"et\",\"potentialAction\":[{\"@type\":\"ReadAction\",\"target\":[\"https:\/\/dubsite.developers.getspace.us\/horeografiya\/\"]}]},{\"@type\":\"ImageObject\",\"inLanguage\":\"et\",\"@id\":\"https:\/\/dubsite.developers.getspace.us\/horeografiya\/#primaryimage\",\"url\":\"https:\/\/dubsite.developers.getspace.us\/wp-content\/uploads\/2024\/07\/foto-10.png\",\"contentUrl\":\"https:\/\/dubsite.developers.getspace.us\/wp-content\/uploads\/2024\/07\/foto-10.png\"},{\"@type\":\"BreadcrumbList\",\"@id\":\"https:\/\/dubsite.developers.getspace.us\/horeografiya\/#breadcrumb\",\"itemListElement\":[{\"@type\":\"ListItem\",\"position\":1,\"name\":\"\u0413\u043b\u0430\u0432\u043d\u0430\u044f \u0441\u0442\u0440\u0430\u043d\u0438\u0446\u0430\",\"item\":\"https:\/\/dubsite.developers.getspace.us\/\"},{\"@type\":\"ListItem\",\"position\":2,\"name\":\"Koreograafia\"}]},{\"@type\":\"WebSite\",\"@id\":\"https:\/\/dubsite.developers.getspace.us\/#website\",\"url\":\"https:\/\/dubsite.developers.getspace.us\/\",\"name\":\"Academy Gymnastics\",\"description\":\"Academy Gymnastics\",\"publisher\":{\"@id\":\"https:\/\/dubsite.developers.getspace.us\/#organization\"},\"alternateName\":\"Academy Gymnastics\",\"potentialAction\":[{\"@type\":\"SearchAction\",\"target\":{\"@type\":\"EntryPoint\",\"urlTemplate\":\"https:\/\/dubsite.developers.getspace.us\/?s={search_term_string}\"},\"query-input\":{\"@type\":\"PropertyValueSpecification\",\"valueRequired\":true,\"valueName\":\"search_term_string\"}}],\"inLanguage\":\"et\"},{\"@type\":\"Organization\",\"@id\":\"https:\/\/dubsite.developers.getspace.us\/#organization\",\"name\":\"Academy Gymnastics\",\"alternateName\":\"Academy Gymnastics\",\"url\":\"https:\/\/dubsite.developers.getspace.us\/\",\"logo\":{\"@type\":\"ImageObject\",\"inLanguage\":\"et\",\"@id\":\"https:\/\/dubsite.developers.getspace.us\/#\/schema\/logo\/image\/\",\"url\":\"https:\/\/dubsite.developers.getspace.us\/wp-content\/uploads\/2024\/08\/cropped-web-page-1.jpg\",\"contentUrl\":\"https:\/\/dubsite.developers.getspace.us\/wp-content\/uploads\/2024\/08\/cropped-web-page-1.jpg\",\"width\":512,\"height\":512,\"caption\":\"Academy Gymnastics\"},\"image\":{\"@id\":\"https:\/\/dubsite.developers.getspace.us\/#\/schema\/logo\/image\/\"},\"sameAs\":[\"https:\/\/www.facebook.com\/academygymnastics.ee\/\",\"https:\/\/www.instagram.com\/academy.gymnastics.ee\/\"]}]}<\/script>\n<!-- \/ Yoast SEO Premium plugin. -->","yoast_head_json":{"title":"Koreograafia - Academy Gymnastics","robots":{"index":"index","follow":"follow","max-snippet":"max-snippet:-1","max-image-preview":"max-image-preview:large","max-video-preview":"max-video-preview:-1"},"canonical":"https:\/\/dubsite.developers.getspace.us\/horeografiya\/","og_locale":"et_EE","og_type":"article","og_title":"Koreograafia","og_description":"Koreograafia Koreograafia on iluv\u00f5imlemise oluline osa. Koreograafiatundides puutuvad v\u00f5imlejad k\u00f5ige enam kokku kunstiga. Koreograafia arendab painduvust, tasakaalu, kergust h\u00fcpetes ja liigutuste plastilisust. See n\u00f5uab loovat l\u00e4henemist, kujutlusv\u00f5imet ning muusika, r\u00fctmi ja ruumi m\u00f5istmist. Koreograafia aitab emotsioone liigutuste kaudu edasi anda, luues h\u00e4mmastavaid ja meeldej\u00e4\u00e4vaid visuaalseid kujundeid. Iluv\u00f5imlemine Esteetiline v\u00f5imlemine Akrobaatika Sportv\u00f5imlemine","og_url":"https:\/\/dubsite.developers.getspace.us\/horeografiya\/","og_site_name":"Academy Gymnastics","article_publisher":"https:\/\/www.facebook.com\/academygymnastics.ee\/","article_modified_time":"2024-10-06T11:43:38+00:00","og_image":[{"url":"https:\/\/dubsite.developers.getspace.us\/wp-content\/uploads\/2024\/07\/foto-10.png","type":"","width":"","height":""}],"twitter_card":"summary_large_image","twitter_misc":{"Est. reading time":"2 minutes"},"schema":{"@context":"https:\/\/schema.org","@graph":[{"@type":"WebPage","@id":"https:\/\/dubsite.developers.getspace.us\/horeografiya\/","url":"https:\/\/dubsite.developers.getspace.us\/horeografiya\/","name":"Koreograafia - Academy Gymnastics","isPartOf":{"@id":"https:\/\/dubsite.developers.getspace.us\/#website"},"primaryImageOfPage":{"@id":"https:\/\/dubsite.developers.getspace.us\/horeografiya\/#primaryimage"},"image":{"@id":"https:\/\/dubsite.developers.getspace.us\/horeografiya\/#primaryimage"},"thumbnailUrl":"https:\/\/dubsite.developers.getspace.us\/wp-content\/uploads\/2024\/07\/foto-10.png","datePublished":"2024-07-30T07:27:41+00:00","dateModified":"2024-10-06T11:43:38+00:00","breadcrumb":{"@id":"https:\/\/dubsite.developers.getspace.us\/horeografiya\/#breadcrumb"},"inLanguage":"et","potentialAction":[{"@type":"ReadAction","target":["https:\/\/dubsite.developers.getspace.us\/horeografiya\/"]}]},{"@type":"ImageObject","inLanguage":"et","@id":"https:\/\/dubsite.developers.getspace.us\/horeografiya\/#primaryimage","url":"https:\/\/dubsite.developers.getspace.us\/wp-content\/uploads\/2024\/07\/foto-10.png","contentUrl":"https:\/\/dubsite.developers.getspace.us\/wp-content\/uploads\/2024\/07\/foto-10.png"},{"@type":"BreadcrumbList","@id":"https:\/\/dubsite.developers.getspace.us\/horeografiya\/#breadcrumb","itemListElement":[{"@type":"ListItem","position":1,"name":"\u0413\u043b\u0430\u0432\u043d\u0430\u044f \u0441\u0442\u0440\u0430\u043d\u0438\u0446\u0430","item":"https:\/\/dubsite.developers.getspace.us\/"},{"@type":"ListItem","position":2,"name":"Koreograafia"}]},{"@type":"WebSite","@id":"https:\/\/dubsite.developers.getspace.us\/#website","url":"https:\/\/dubsite.developers.getspace.us\/","name":"Academy Gymnastics","description":"Academy Gymnastics","publisher":{"@id":"https:\/\/dubsite.developers.getspace.us\/#organization"},"alternateName":"Academy Gymnastics","potentialAction":[{"@type":"SearchAction","target":{"@type":"EntryPoint","urlTemplate":"https:\/\/dubsite.developers.getspace.us\/?s={search_term_string}"},"query-input":{"@type":"PropertyValueSpecification","valueRequired":true,"valueName":"search_term_string"}}],"inLanguage":"et"},{"@type":"Organization","@id":"https:\/\/dubsite.developers.getspace.us\/#organization","name":"Academy Gymnastics","alternateName":"Academy Gymnastics","url":"https:\/\/dubsite.developers.getspace.us\/","logo":{"@type":"ImageObject","inLanguage":"et","@id":"https:\/\/dubsite.developers.getspace.us\/#\/schema\/logo\/image\/","url":"https:\/\/dubsite.developers.getspace.us\/wp-content\/uploads\/2024\/08\/cropped-web-page-1.jpg","contentUrl":"https:\/\/dubsite.developers.getspace.us\/wp-content\/uploads\/2024\/08\/cropped-web-page-1.jpg","width":512,"height":512,"caption":"Academy Gymnastics"},"image":{"@id":"https:\/\/dubsite.developers.getspace.us\/#\/schema\/logo\/image\/"},"sameAs":["https:\/\/www.facebook.com\/academygymnastics.ee\/","https:\/\/www.instagram.com\/academy.gymnastics.ee\/"]}]}},"_links":{"self":[{"href":"https:\/\/dubsite.developers.getspace.us\/et\/wp-json\/wp\/v2\/pages\/1922","targetHints":{"allow":["GET"]}}],"collection":[{"href":"https:\/\/dubsite.developers.getspace.us\/et\/wp-json\/wp\/v2\/pages"}],"about":[{"href":"https:\/\/dubsite.developers.getspace.us\/et\/wp-json\/wp\/v2\/types\/page"}],"author":[{"embeddable":true,"href":"https:\/\/dubsite.developers.getspace.us\/et\/wp-json\/wp\/v2\/users\/1"}],"replies":[{"embeddable":true,"href":"https:\/\/dubsite.developers.getspace.us\/et\/wp-json\/wp\/v2\/comments?post=1922"}],"version-history":[{"count":0,"href":"https:\/\/dubsite.developers.getspace.us\/et\/wp-json\/wp\/v2\/pages\/1922\/revisions"}],"wp:attachment":[{"href":"https:\/\/dubsite.developers.getspace.us\/et\/wp-json\/wp\/v2\/media?parent=1922"}],"curies":[{"name":"wp","href":"https:\/\/api.w.org\/{rel}","templated":true}]}}