{"id":1945,"date":"2024-07-30T08:28:50","date_gmt":"2024-07-30T08:28:50","guid":{"rendered":"https:\/\/dubsite.developers.getspace.us\/akrobaatika\/"},"modified":"2024-10-06T11:43:45","modified_gmt":"2024-10-06T11:43:45","slug":"akrobaatika","status":"publish","type":"page","link":"https:\/\/dubsite.developers.getspace.us\/et\/akrobaatika\/","title":{"rendered":"Akrobaatika"},"content":{"rendered":"\t\t<div data-elementor-type=\"wp-page\" data-elementor-id=\"1945\" class=\"elementor elementor-1945 elementor-84\" data-elementor-post-type=\"page\">\n\t\t\t\t<div class=\"elementor-element elementor-element-f6d46de e-flex e-con-boxed e-con e-parent\" data-id=\"f6d46de\" data-element_type=\"container\">\n\t\t\t\t\t<div class=\"e-con-inner\">\n\t\t\t\t<div class=\"elementor-element elementor-element-eb6e9eb elementor-invisible elementor-widget elementor-widget-heading\" data-id=\"eb6e9eb\" data-element_type=\"widget\" data-settings=\"{&quot;_animation&quot;:&quot;fadeInUp&quot;}\" data-widget_type=\"heading.default\">\n\t\t\t\t<div class=\"elementor-widget-container\">\n\t\t\t<h1 class=\"elementor-heading-title elementor-size-default\">Akrobaatika<\/h1>\t\t<\/div>\n\t\t\t\t<\/div>\n\t\t\t\t\t<\/div>\n\t\t\t\t<\/div>\n\t\t<div class=\"elementor-element elementor-element-320bed0 e-flex e-con-boxed e-con e-parent\" data-id=\"320bed0\" data-element_type=\"container\">\n\t\t\t\t\t<div class=\"e-con-inner\">\n\t\t\t\t<div class=\"elementor-element elementor-element-d4fc7f7 elementor-widget__width-initial elementor-absolute elementor-invisible elementor-widget elementor-widget-image\" data-id=\"d4fc7f7\" data-element_type=\"widget\" data-settings=\"{&quot;_position&quot;:&quot;absolute&quot;,&quot;_animation&quot;:&quot;slideInRight&quot;}\" data-widget_type=\"image.default\">\n\t\t\t\t<div class=\"elementor-widget-container\">\n\t\t\t\t\t\t\t\t\t\t\t\t\t<img fetchpriority=\"high\" decoding=\"async\" width=\"453\" height=\"524\" src=\"https:\/\/dubsite.developers.getspace.us\/wp-content\/uploads\/2024\/07\/foto-5.png\" class=\"attachment-full size-full wp-image-167\" alt=\"\" srcset=\"https:\/\/dubsite.developers.getspace.us\/wp-content\/uploads\/2024\/07\/foto-5.png 453w, https:\/\/dubsite.developers.getspace.us\/wp-content\/uploads\/2024\/07\/foto-5-259x300.png 259w\" sizes=\"(max-width: 453px) 100vw, 453px\" \/>\t\t\t\t\t\t\t\t\t\t\t\t\t<\/div>\n\t\t\t\t<\/div>\n\t\t\t\t<div class=\"elementor-element elementor-element-062aefc elementor-widget__width-initial elementor-absolute elementor-invisible elementor-widget elementor-widget-image\" data-id=\"062aefc\" data-element_type=\"widget\" data-settings=\"{&quot;_position&quot;:&quot;absolute&quot;,&quot;_animation&quot;:&quot;fadeInUp&quot;}\" data-widget_type=\"image.default\">\n\t\t\t\t<div class=\"elementor-widget-container\">\n\t\t\t\t\t\t\t\t\t\t\t\t\t<img decoding=\"async\" width=\"357\" height=\"458\" src=\"https:\/\/dubsite.developers.getspace.us\/wp-content\/uploads\/2024\/07\/foto-6.png\" class=\"attachment-full size-full wp-image-168\" alt=\"\" srcset=\"https:\/\/dubsite.developers.getspace.us\/wp-content\/uploads\/2024\/07\/foto-6.png 357w, https:\/\/dubsite.developers.getspace.us\/wp-content\/uploads\/2024\/07\/foto-6-234x300.png 234w\" sizes=\"(max-width: 357px) 100vw, 357px\" \/>\t\t\t\t\t\t\t\t\t\t\t\t\t<\/div>\n\t\t\t\t<\/div>\n\t\t<div class=\"elementor-element elementor-element-974b9c8 e-con-full e-flex e-con e-child\" data-id=\"974b9c8\" data-element_type=\"container\">\n\t\t<div class=\"elementor-element elementor-element-9b64541 e-con-full e-flex e-con e-child\" data-id=\"9b64541\" data-element_type=\"container\" data-settings=\"{&quot;background_background&quot;:&quot;classic&quot;}\">\n\t\t\t\t<div class=\"elementor-element elementor-element-92c2a53 elementor-widget-tablet__width-initial elementor-widget elementor-widget-text-editor\" data-id=\"92c2a53\" data-element_type=\"widget\" data-widget_type=\"text-editor.default\">\n\t\t\t\t<div class=\"elementor-widget-container\">\n\t\t\t\t\t\t\t<p><span style=\"color: #3777d1;\">Akrobaatika <\/span>on \u00fcks v\u00f5imlemise liike, mis h\u00f5lmab harjutusi osavuse, j\u00f5u, painduvuse, h\u00fcppev\u00f5ime ja tasakaalu arendamiseks.<\/p>\n<p>Sportakrobaatika koosneb akrobaatilistest toestusharjutustest paaris. <br \/><span style=\"color: #3777d1;\">Laps saab <\/span>paarisakrobaatikaga tegeleda koos \u00fche vanemaga, mis tugevdab omavahelist sidet ja \u00f5petab meeskonnat\u00f6\u00f6d.<\/p>\n<p>Selle alaga hakatakse tavaliselt tegelema alates <span style=\"color: #3777d1;\">3. eluaastast. <\/span><\/p>\n<p>Regulaarsed treeningud aitavad arendada selliseid omadusi nagu enesekindlus, t\u00f6\u00f6kus, vastutustunne ja sihikindlus.<\/p>\n\t\t\t\t\t\t<\/div>\n\t\t\t\t<\/div>\n\t\t\t\t<div class=\"elementor-element elementor-element-5a3752a elementor-widget elementor-widget-text-editor\" data-id=\"5a3752a\" data-element_type=\"widget\" data-widget_type=\"text-editor.default\">\n\t\t\t\t<div class=\"elementor-widget-container\">\n\t\t\t\t\t\t\t<p>Tundides \u00f5pitakse erineva raskusastmega elemente ja nende kombineerimist j\u00e4rjestusteks, mis arendab vastupidavust, koordinatsiooni, julgust ja usaldust enda v\u00f5imete suhtes. <br \/>K\u00f5ik see arendab vastupidavust, koordinatsiooni, julgust ja enesekindlust.<\/p>\n<p>\u00d5pet alustatakse juba <span style=\"color: #3777d1;\">1,5-aastaselt<\/span> ning selles akrobaatikaliigis vanusepiiranguid ei ole. <\/p>\n<p><span style=\"color: #3777d1;\">Sportakrobaatika <\/span>on paarissport, kus akrobaatilised toestused ja kombinatsioonid tehakse paaris ning need on suunatud tasakaalu hoidmisele keerulistes elementides.<\/p>\n<p>Vanusep\u00f5hine treeningprotsess sportakrobaatikas:<\/p>\n\t\t\t\t\t\t<\/div>\n\t\t\t\t<\/div>\n\t\t\t\t<div class=\"elementor-element elementor-element-56fc226 elementor-widget elementor-widget-heading\" data-id=\"56fc226\" data-element_type=\"widget\" data-widget_type=\"heading.default\">\n\t\t\t\t<div class=\"elementor-widget-container\">\n\t\t\t<h3 class=\"elementor-heading-title elementor-size-default\">Vanusep\u00f5hine treeningprotsess sportakrobaatikas:<\/h3>\t\t<\/div>\n\t\t\t\t<\/div>\n\t\t\t\t<div class=\"elementor-element elementor-element-1350c3c elementor-widget elementor-widget-text-editor\" data-id=\"1350c3c\" data-element_type=\"widget\" data-widget_type=\"text-editor.default\">\n\t\t\t\t<div class=\"elementor-widget-container\">\n\t\t\t\t\t\t\t<p><span style=\"color: #3777d1;\">3-6 aastat<\/span> \u2014 Sporditee alguses toimuvad treeningud m\u00e4ngulises vormis ja on suunatud lapse \u00fcldisele f\u00fc\u00fcsilisele arengule ja sotsiaalsele kohanemisele.<\/p>\n\t\t\t\t\t\t<\/div>\n\t\t\t\t<\/div>\n\t\t\t\t<div class=\"elementor-element elementor-element-0c7a1a1 elementor-widget elementor-widget-text-editor\" data-id=\"0c7a1a1\" data-element_type=\"widget\" data-widget_type=\"text-editor.default\">\n\t\t\t\t<div class=\"elementor-widget-container\">\n\t\t\t\t\t\t\t<p><span style=\"color: #3777d1;\">6-8 aastat <\/span>\u2014 Sellel vanusel lisanduvad \u00fcldf\u00fc\u00fcsilisele ettevalmistusele eriharjutused, mis keskenduvad painduvuse, liikuvuse ja vastupidavuse arendamisele.<\/p>\n\t\t\t\t\t\t<\/div>\n\t\t\t\t<\/div>\n\t\t\t\t<div class=\"elementor-element elementor-element-dbbbec5 elementor-widget elementor-widget-text-editor\" data-id=\"dbbbec5\" data-element_type=\"widget\" data-widget_type=\"text-editor.default\">\n\t\t\t\t<div class=\"elementor-widget-container\">\n\t\t\t\t\t\t\t<p><span style=\"color: #3777d1;\">8-10 aastat <\/span>\u2014 Suureneb tehnilise ettevalmistuse tase, sportlane hakkab oma oskusi lihvima.<\/p>\n\t\t\t\t\t\t<\/div>\n\t\t\t\t<\/div>\n\t\t\t\t<div class=\"elementor-element elementor-element-4977f08 elementor-widget elementor-widget-text-editor\" data-id=\"4977f08\" data-element_type=\"widget\" data-widget_type=\"text-editor.default\">\n\t\t\t\t<div class=\"elementor-widget-container\">\n\t\t\t\t\t\t\t<p><span style=\"color: #3777d1;\">10-12 aastat<\/span> \u2014 Meisterlikkuse t\u00e4iustamine ja oskuste lihvimine.<\/p>\n\t\t\t\t\t\t<\/div>\n\t\t\t\t<\/div>\n\t\t\t\t<\/div>\n\t\t\t\t<\/div>\n\t\t\t\t\t<\/div>\n\t\t\t\t<\/div>\n\t\t<div class=\"elementor-element elementor-element-57d40dd2 e-flex e-con-boxed elementor-invisible e-con e-parent\" data-id=\"57d40dd2\" data-element_type=\"container\" data-settings=\"{&quot;animation&quot;:&quot;fadeInUp&quot;}\">\n\t\t\t\t\t<div class=\"e-con-inner\">\n\t\t<div class=\"elementor-element elementor-element-4f9a9ab3 e-con-full e-flex e-con e-child\" data-id=\"4f9a9ab3\" data-element_type=\"container\">\n\t\t\t\t<div class=\"elementor-element elementor-element-77fea20 elementor-widget elementor-widget-heading\" data-id=\"77fea20\" data-element_type=\"widget\" data-widget_type=\"heading.default\">\n\t\t\t\t<div class=\"elementor-widget-container\">\n\t\t\t<h3 class=\"elementor-heading-title elementor-size-default\"><a href=\"https:\/\/dubsite.developers.getspace.us\/et\/rutmiline-voimlemine\/\">Iluv\u00f5imlemine<\/a><\/h3>\t\t<\/div>\n\t\t\t\t<\/div>\n\t\t\t\t<div class=\"elementor-element elementor-element-1f09f5b7 elementor-widget elementor-widget-image\" data-id=\"1f09f5b7\" data-element_type=\"widget\" data-widget_type=\"image.default\">\n\t\t\t\t<div class=\"elementor-widget-container\">\n\t\t\t\t\t\t\t\t\t\t\t\t\t\t<a href=\"https:\/\/dubsite.developers.getspace.us\/et\/rutmiline-voimlemine\/\">\n\t\t\t\t\t\t\t<img decoding=\"async\" width=\"232\" height=\"267\" src=\"https:\/\/dubsite.developers.getspace.us\/wp-content\/uploads\/2024\/07\/1.png\" class=\"attachment-full size-full wp-image-41\" alt=\"\" \/>\t\t\t\t\t\t\t\t<\/a>\n\t\t\t\t\t\t\t\t\t\t\t\t\t<\/div>\n\t\t\t\t<\/div>\n\t\t\t\t<\/div>\n\t\t<div class=\"elementor-element elementor-element-7b320df1 e-con-full e-flex e-con e-child\" data-id=\"7b320df1\" data-element_type=\"container\">\n\t\t\t\t<div class=\"elementor-element elementor-element-2373445b elementor-widget elementor-widget-heading\" data-id=\"2373445b\" data-element_type=\"widget\" data-widget_type=\"heading.default\">\n\t\t\t\t<div class=\"elementor-widget-container\">\n\t\t\t<h3 class=\"elementor-heading-title elementor-size-default\"><a href=\"https:\/\/dubsite.developers.getspace.us\/et\/esteetiline-voimlemine\/\">Esteetiline v\u00f5imlemine<\/a><\/h3>\t\t<\/div>\n\t\t\t\t<\/div>\n\t\t\t\t<div class=\"elementor-element elementor-element-15377a9e elementor-widget elementor-widget-image\" data-id=\"15377a9e\" data-element_type=\"widget\" data-widget_type=\"image.default\">\n\t\t\t\t<div class=\"elementor-widget-container\">\n\t\t\t\t\t\t\t\t\t\t\t\t\t\t<a href=\"https:\/\/dubsite.developers.getspace.us\/et\/esteetiline-voimlemine\/\">\n\t\t\t\t\t\t\t<img loading=\"lazy\" decoding=\"async\" width=\"232\" height=\"267\" src=\"https:\/\/dubsite.developers.getspace.us\/wp-content\/uploads\/2024\/07\/3-2.png\" class=\"attachment-full size-full wp-image-59\" alt=\"\" \/>\t\t\t\t\t\t\t\t<\/a>\n\t\t\t\t\t\t\t\t\t\t\t\t\t<\/div>\n\t\t\t\t<\/div>\n\t\t\t\t<\/div>\n\t\t<div class=\"elementor-element elementor-element-5f00ccd e-con-full e-flex e-con e-child\" data-id=\"5f00ccd\" data-element_type=\"container\">\n\t\t\t\t<div class=\"elementor-element elementor-element-ed06053 elementor-widget elementor-widget-heading\" data-id=\"ed06053\" data-element_type=\"widget\" data-widget_type=\"heading.default\">\n\t\t\t\t<div class=\"elementor-widget-container\">\n\t\t\t<h3 class=\"elementor-heading-title elementor-size-default\"><a href=\"https:\/\/dubsite.developers.getspace.us\/et\/koreograafia\/\">Koreograafia<\/a><\/h3>\t\t<\/div>\n\t\t\t\t<\/div>\n\t\t\t\t<div class=\"elementor-element elementor-element-37e4dbbf elementor-widget elementor-widget-image\" data-id=\"37e4dbbf\" data-element_type=\"widget\" data-widget_type=\"image.default\">\n\t\t\t\t<div class=\"elementor-widget-container\">\n\t\t\t\t\t\t\t\t\t\t\t\t\t\t<a href=\"https:\/\/dubsite.developers.getspace.us\/et\/koreograafia\/\">\n\t\t\t\t\t\t\t<img loading=\"lazy\" decoding=\"async\" width=\"231\" height=\"267\" src=\"https:\/\/dubsite.developers.getspace.us\/wp-content\/uploads\/2024\/07\/4-1.png\" class=\"attachment-full size-full wp-image-60\" alt=\"\" \/>\t\t\t\t\t\t\t\t<\/a>\n\t\t\t\t\t\t\t\t\t\t\t\t\t<\/div>\n\t\t\t\t<\/div>\n\t\t\t\t<\/div>\n\t\t<div class=\"elementor-element elementor-element-12a2823a e-con-full e-flex e-con e-child\" data-id=\"12a2823a\" data-element_type=\"container\">\n\t\t\t\t<div class=\"elementor-element elementor-element-2720e71e elementor-widget elementor-widget-heading\" data-id=\"2720e71e\" data-element_type=\"widget\" data-widget_type=\"heading.default\">\n\t\t\t\t<div class=\"elementor-widget-container\">\n\t\t\t<h3 class=\"elementor-heading-title elementor-size-default\"><a href=\"https:\/\/dubsite.developers.getspace.us\/et\/voimlemine\/\">Sportv\u00f5imlemine<\/a><\/h3>\t\t<\/div>\n\t\t\t\t<\/div>\n\t\t\t\t<div class=\"elementor-element elementor-element-327ccd70 elementor-widget elementor-widget-image\" data-id=\"327ccd70\" data-element_type=\"widget\" data-widget_type=\"image.default\">\n\t\t\t\t<div class=\"elementor-widget-container\">\n\t\t\t\t\t\t\t\t\t\t\t\t\t\t<a href=\"https:\/\/dubsite.developers.getspace.us\/et\/voimlemine\/\">\n\t\t\t\t\t\t\t<img loading=\"lazy\" decoding=\"async\" width=\"233\" height=\"267\" src=\"https:\/\/dubsite.developers.getspace.us\/wp-content\/uploads\/2024\/08\/frame-2039.png\" class=\"attachment-full size-full wp-image-781\" alt=\"\" \/>\t\t\t\t\t\t\t\t<\/a>\n\t\t\t\t\t\t\t\t\t\t\t\t\t<\/div>\n\t\t\t\t<\/div>\n\t\t\t\t<\/div>\n\t\t\t\t\t<\/div>\n\t\t\t\t<\/div>\n\t\t\t\t<\/div>\n\t\t","protected":false},"excerpt":{"rendered":"<p>Akrobaatika Akrobaatika on \u00fcks v\u00f5imlemise liike, mis h\u00f5lmab harjutusi osavuse, j\u00f5u, painduvuse, h\u00fcppev\u00f5ime ja tasakaalu arendamiseks. Sportakrobaatika koosneb akrobaatilistest toestusharjutustest paaris. Laps saab paarisakrobaatikaga tegeleda koos \u00fche vanemaga, mis tugevdab omavahelist sidet ja \u00f5petab meeskonnat\u00f6\u00f6d. Selle alaga hakatakse tavaliselt tegelema alates 3. eluaastast. Regulaarsed treeningud aitavad arendada selliseid omadusi nagu enesekindlus, t\u00f6\u00f6kus, vastutustunne ja sihikindlus. [&hellip;]<\/p>\n","protected":false},"author":1,"featured_media":0,"parent":0,"menu_order":0,"comment_status":"closed","ping_status":"closed","template":"elementor_header_footer","meta":{"footnotes":""},"class_list":["post-1945","page","type-page","status-publish","hentry","entry"],"yoast_head":"<!-- This site is optimized with the Yoast SEO Premium plugin v23.0 (Yoast SEO v24.1) - https:\/\/yoast.com\/wordpress\/plugins\/seo\/ -->\n<title>Akrobaatika - Academy Gymnastics<\/title>\n<meta name=\"robots\" content=\"index, follow, max-snippet:-1, max-image-preview:large, max-video-preview:-1\" \/>\n<link rel=\"canonical\" href=\"https:\/\/dubsite.developers.getspace.us\/akrobatika\/\" \/>\n<meta property=\"og:locale\" content=\"et_EE\" \/>\n<meta property=\"og:type\" content=\"article\" \/>\n<meta property=\"og:title\" content=\"Akrobaatika\" \/>\n<meta property=\"og:description\" content=\"Akrobaatika Akrobaatika on \u00fcks v\u00f5imlemise liike, mis h\u00f5lmab harjutusi osavuse, j\u00f5u, painduvuse, h\u00fcppev\u00f5ime ja tasakaalu arendamiseks. Sportakrobaatika koosneb akrobaatilistest toestusharjutustest paaris. Laps saab paarisakrobaatikaga tegeleda koos \u00fche vanemaga, mis tugevdab omavahelist sidet ja \u00f5petab meeskonnat\u00f6\u00f6d. Selle alaga hakatakse tavaliselt tegelema alates 3. eluaastast. Regulaarsed treeningud aitavad arendada selliseid omadusi nagu enesekindlus, t\u00f6\u00f6kus, vastutustunne ja sihikindlus. [&hellip;]\" \/>\n<meta property=\"og:url\" content=\"https:\/\/dubsite.developers.getspace.us\/akrobatika\/\" \/>\n<meta property=\"og:site_name\" content=\"Academy Gymnastics\" \/>\n<meta property=\"article:publisher\" content=\"https:\/\/www.facebook.com\/academygymnastics.ee\/\" \/>\n<meta property=\"article:modified_time\" content=\"2024-10-06T11:43:45+00:00\" \/>\n<meta property=\"og:image\" content=\"https:\/\/dubsite.developers.getspace.us\/wp-content\/uploads\/2024\/07\/foto-5.png\" \/>\n<meta name=\"twitter:card\" content=\"summary_large_image\" \/>\n<meta name=\"twitter:label1\" content=\"Est. reading time\" \/>\n\t<meta name=\"twitter:data1\" content=\"3 minutes\" \/>\n<script type=\"application\/ld+json\" class=\"yoast-schema-graph\">{\"@context\":\"https:\/\/schema.org\",\"@graph\":[{\"@type\":\"WebPage\",\"@id\":\"https:\/\/dubsite.developers.getspace.us\/akrobatika\/\",\"url\":\"https:\/\/dubsite.developers.getspace.us\/akrobatika\/\",\"name\":\"Akrobaatika - Academy Gymnastics\",\"isPartOf\":{\"@id\":\"https:\/\/dubsite.developers.getspace.us\/#website\"},\"primaryImageOfPage\":{\"@id\":\"https:\/\/dubsite.developers.getspace.us\/akrobatika\/#primaryimage\"},\"image\":{\"@id\":\"https:\/\/dubsite.developers.getspace.us\/akrobatika\/#primaryimage\"},\"thumbnailUrl\":\"https:\/\/dubsite.developers.getspace.us\/wp-content\/uploads\/2024\/07\/foto-5.png\",\"datePublished\":\"2024-07-30T08:28:50+00:00\",\"dateModified\":\"2024-10-06T11:43:45+00:00\",\"breadcrumb\":{\"@id\":\"https:\/\/dubsite.developers.getspace.us\/akrobatika\/#breadcrumb\"},\"inLanguage\":\"et\",\"potentialAction\":[{\"@type\":\"ReadAction\",\"target\":[\"https:\/\/dubsite.developers.getspace.us\/akrobatika\/\"]}]},{\"@type\":\"ImageObject\",\"inLanguage\":\"et\",\"@id\":\"https:\/\/dubsite.developers.getspace.us\/akrobatika\/#primaryimage\",\"url\":\"https:\/\/dubsite.developers.getspace.us\/wp-content\/uploads\/2024\/07\/foto-5.png\",\"contentUrl\":\"https:\/\/dubsite.developers.getspace.us\/wp-content\/uploads\/2024\/07\/foto-5.png\"},{\"@type\":\"BreadcrumbList\",\"@id\":\"https:\/\/dubsite.developers.getspace.us\/akrobatika\/#breadcrumb\",\"itemListElement\":[{\"@type\":\"ListItem\",\"position\":1,\"name\":\"\u0413\u043b\u0430\u0432\u043d\u0430\u044f \u0441\u0442\u0440\u0430\u043d\u0438\u0446\u0430\",\"item\":\"https:\/\/dubsite.developers.getspace.us\/\"},{\"@type\":\"ListItem\",\"position\":2,\"name\":\"Akrobaatika\"}]},{\"@type\":\"WebSite\",\"@id\":\"https:\/\/dubsite.developers.getspace.us\/#website\",\"url\":\"https:\/\/dubsite.developers.getspace.us\/\",\"name\":\"Academy Gymnastics\",\"description\":\"Academy Gymnastics\",\"publisher\":{\"@id\":\"https:\/\/dubsite.developers.getspace.us\/#organization\"},\"alternateName\":\"Academy Gymnastics\",\"potentialAction\":[{\"@type\":\"SearchAction\",\"target\":{\"@type\":\"EntryPoint\",\"urlTemplate\":\"https:\/\/dubsite.developers.getspace.us\/?s={search_term_string}\"},\"query-input\":{\"@type\":\"PropertyValueSpecification\",\"valueRequired\":true,\"valueName\":\"search_term_string\"}}],\"inLanguage\":\"et\"},{\"@type\":\"Organization\",\"@id\":\"https:\/\/dubsite.developers.getspace.us\/#organization\",\"name\":\"Academy Gymnastics\",\"alternateName\":\"Academy Gymnastics\",\"url\":\"https:\/\/dubsite.developers.getspace.us\/\",\"logo\":{\"@type\":\"ImageObject\",\"inLanguage\":\"et\",\"@id\":\"https:\/\/dubsite.developers.getspace.us\/#\/schema\/logo\/image\/\",\"url\":\"https:\/\/dubsite.developers.getspace.us\/wp-content\/uploads\/2024\/08\/cropped-web-page-1.jpg\",\"contentUrl\":\"https:\/\/dubsite.developers.getspace.us\/wp-content\/uploads\/2024\/08\/cropped-web-page-1.jpg\",\"width\":512,\"height\":512,\"caption\":\"Academy Gymnastics\"},\"image\":{\"@id\":\"https:\/\/dubsite.developers.getspace.us\/#\/schema\/logo\/image\/\"},\"sameAs\":[\"https:\/\/www.facebook.com\/academygymnastics.ee\/\",\"https:\/\/www.instagram.com\/academy.gymnastics.ee\/\"]}]}<\/script>\n<!-- \/ Yoast SEO Premium plugin. -->","yoast_head_json":{"title":"Akrobaatika - Academy Gymnastics","robots":{"index":"index","follow":"follow","max-snippet":"max-snippet:-1","max-image-preview":"max-image-preview:large","max-video-preview":"max-video-preview:-1"},"canonical":"https:\/\/dubsite.developers.getspace.us\/akrobatika\/","og_locale":"et_EE","og_type":"article","og_title":"Akrobaatika","og_description":"Akrobaatika Akrobaatika on \u00fcks v\u00f5imlemise liike, mis h\u00f5lmab harjutusi osavuse, j\u00f5u, painduvuse, h\u00fcppev\u00f5ime ja tasakaalu arendamiseks. Sportakrobaatika koosneb akrobaatilistest toestusharjutustest paaris. Laps saab paarisakrobaatikaga tegeleda koos \u00fche vanemaga, mis tugevdab omavahelist sidet ja \u00f5petab meeskonnat\u00f6\u00f6d. Selle alaga hakatakse tavaliselt tegelema alates 3. eluaastast. Regulaarsed treeningud aitavad arendada selliseid omadusi nagu enesekindlus, t\u00f6\u00f6kus, vastutustunne ja sihikindlus. [&hellip;]","og_url":"https:\/\/dubsite.developers.getspace.us\/akrobatika\/","og_site_name":"Academy Gymnastics","article_publisher":"https:\/\/www.facebook.com\/academygymnastics.ee\/","article_modified_time":"2024-10-06T11:43:45+00:00","og_image":[{"url":"https:\/\/dubsite.developers.getspace.us\/wp-content\/uploads\/2024\/07\/foto-5.png","type":"","width":"","height":""}],"twitter_card":"summary_large_image","twitter_misc":{"Est. reading time":"3 minutes"},"schema":{"@context":"https:\/\/schema.org","@graph":[{"@type":"WebPage","@id":"https:\/\/dubsite.developers.getspace.us\/akrobatika\/","url":"https:\/\/dubsite.developers.getspace.us\/akrobatika\/","name":"Akrobaatika - Academy Gymnastics","isPartOf":{"@id":"https:\/\/dubsite.developers.getspace.us\/#website"},"primaryImageOfPage":{"@id":"https:\/\/dubsite.developers.getspace.us\/akrobatika\/#primaryimage"},"image":{"@id":"https:\/\/dubsite.developers.getspace.us\/akrobatika\/#primaryimage"},"thumbnailUrl":"https:\/\/dubsite.developers.getspace.us\/wp-content\/uploads\/2024\/07\/foto-5.png","datePublished":"2024-07-30T08:28:50+00:00","dateModified":"2024-10-06T11:43:45+00:00","breadcrumb":{"@id":"https:\/\/dubsite.developers.getspace.us\/akrobatika\/#breadcrumb"},"inLanguage":"et","potentialAction":[{"@type":"ReadAction","target":["https:\/\/dubsite.developers.getspace.us\/akrobatika\/"]}]},{"@type":"ImageObject","inLanguage":"et","@id":"https:\/\/dubsite.developers.getspace.us\/akrobatika\/#primaryimage","url":"https:\/\/dubsite.developers.getspace.us\/wp-content\/uploads\/2024\/07\/foto-5.png","contentUrl":"https:\/\/dubsite.developers.getspace.us\/wp-content\/uploads\/2024\/07\/foto-5.png"},{"@type":"BreadcrumbList","@id":"https:\/\/dubsite.developers.getspace.us\/akrobatika\/#breadcrumb","itemListElement":[{"@type":"ListItem","position":1,"name":"\u0413\u043b\u0430\u0432\u043d\u0430\u044f \u0441\u0442\u0440\u0430\u043d\u0438\u0446\u0430","item":"https:\/\/dubsite.developers.getspace.us\/"},{"@type":"ListItem","position":2,"name":"Akrobaatika"}]},{"@type":"WebSite","@id":"https:\/\/dubsite.developers.getspace.us\/#website","url":"https:\/\/dubsite.developers.getspace.us\/","name":"Academy Gymnastics","description":"Academy Gymnastics","publisher":{"@id":"https:\/\/dubsite.developers.getspace.us\/#organization"},"alternateName":"Academy Gymnastics","potentialAction":[{"@type":"SearchAction","target":{"@type":"EntryPoint","urlTemplate":"https:\/\/dubsite.developers.getspace.us\/?s={search_term_string}"},"query-input":{"@type":"PropertyValueSpecification","valueRequired":true,"valueName":"search_term_string"}}],"inLanguage":"et"},{"@type":"Organization","@id":"https:\/\/dubsite.developers.getspace.us\/#organization","name":"Academy Gymnastics","alternateName":"Academy Gymnastics","url":"https:\/\/dubsite.developers.getspace.us\/","logo":{"@type":"ImageObject","inLanguage":"et","@id":"https:\/\/dubsite.developers.getspace.us\/#\/schema\/logo\/image\/","url":"https:\/\/dubsite.developers.getspace.us\/wp-content\/uploads\/2024\/08\/cropped-web-page-1.jpg","contentUrl":"https:\/\/dubsite.developers.getspace.us\/wp-content\/uploads\/2024\/08\/cropped-web-page-1.jpg","width":512,"height":512,"caption":"Academy Gymnastics"},"image":{"@id":"https:\/\/dubsite.developers.getspace.us\/#\/schema\/logo\/image\/"},"sameAs":["https:\/\/www.facebook.com\/academygymnastics.ee\/","https:\/\/www.instagram.com\/academy.gymnastics.ee\/"]}]}},"_links":{"self":[{"href":"https:\/\/dubsite.developers.getspace.us\/et\/wp-json\/wp\/v2\/pages\/1945","targetHints":{"allow":["GET"]}}],"collection":[{"href":"https:\/\/dubsite.developers.getspace.us\/et\/wp-json\/wp\/v2\/pages"}],"about":[{"href":"https:\/\/dubsite.developers.getspace.us\/et\/wp-json\/wp\/v2\/types\/page"}],"author":[{"embeddable":true,"href":"https:\/\/dubsite.developers.getspace.us\/et\/wp-json\/wp\/v2\/users\/1"}],"replies":[{"embeddable":true,"href":"https:\/\/dubsite.developers.getspace.us\/et\/wp-json\/wp\/v2\/comments?post=1945"}],"version-history":[{"count":0,"href":"https:\/\/dubsite.developers.getspace.us\/et\/wp-json\/wp\/v2\/pages\/1945\/revisions"}],"wp:attachment":[{"href":"https:\/\/dubsite.developers.getspace.us\/et\/wp-json\/wp\/v2\/media?parent=1945"}],"curies":[{"name":"wp","href":"https:\/\/api.w.org\/{rel}","templated":true}]}}